{"id":5692,"date":"2019-11-07T11:41:43","date_gmt":"2019-11-07T11:41:43","guid":{"rendered":"https:\/\/jospec.com\/producte\/lampara-loto-l\/"},"modified":"2020-04-06T11:53:27","modified_gmt":"2020-04-06T11:53:27","slug":"lampara-loto-l","status":"publish","type":"product","link":"https:\/\/jospec.com\/es\/producte\/lampara-loto-l\/","title":{"rendered":"L\u00c1MPARA LOTO L"},"content":{"rendered":"","protected":false},"excerpt":{"rendered":"<p>&nbsp;<\/p>\n<p>L\u00e1mpara LOTO L rattan natural.<\/p>\n<p>L\u00e1mpara con un estilo impecable.<\/p>\n<p>Fabricada 100% a mano.<\/p>\n<p>&nbsp;<\/p>\n<p>Incluye parte el\u00e9ctrica.<\/p>\n<p>&nbsp;<\/p>\n<p><em><strong>DIMENSIONS<\/strong><\/em><\/p>\n<p>D.45xA.70cm.<\/p>\n","protected":false},"featured_media":5674,"template":"","meta":{"_mi_skip_tracking":false},"product_cat":[91,88,92],"product_tag":[],"yoast_head":"<!-- This site is optimized with the Yoast SEO plugin v19.0 - https:\/\/yoast.com\/wordpress\/plugins\/seo\/ -->\n<title>L\u00c1MPARA LOTO L - JOSPEC Instal\u00b7lacions<\/title>\n<meta name=\"description\" content=\"L\u00e1mpara LOTO L rattan natural. L\u00e1mpara con un estilo impecable. Fabricada 100% a mano. Incluye parte el\u00e9ctrica. DIMENSIONS D.45xA.70cm.\" \/>\n<meta name=\"robots\" content=\"noindex, follow\" \/>\n<meta property=\"og:locale\" content=\"es_ES\" \/>\n<meta property=\"og:type\" content=\"article\" \/>\n<meta property=\"og:title\" content=\"L\u00c1MPARA LOTO L - JOSPEC Instal\u00b7lacions\" \/>\n<meta property=\"og:description\" content=\"L\u00e1mpara LOTO L rattan natural. L\u00e1mpara con un estilo impecable. Fabricada 100% a mano. Incluye parte el\u00e9ctrica. DIMENSIONS D.45xA.70cm.\" \/>\n<meta property=\"og:url\" content=\"https:\/\/jospec.com\/es\/producte\/lampara-loto-l\/\" \/>\n<meta property=\"og:site_name\" content=\"JOSPEC Instal\u00b7lacions\" \/>\n<meta property=\"article:modified_time\" content=\"2020-04-06T11:53:27+00:00\" \/>\n<meta property=\"og:image\" content=\"https:\/\/jospec.com\/wp-content\/uploads\/2019\/11\/DSC01088.jpg\" \/>\n\t<meta property=\"og:image:width\" content=\"1600\" \/>\n\t<meta property=\"og:image:height\" content=\"1200\" \/>\n\t<meta property=\"og:image:type\" content=\"image\/jpeg\" \/>\n<meta name=\"twitter:card\" content=\"summary\" \/>\n<script type=\"application\/ld+json\" class=\"yoast-schema-graph\">{\"@context\":\"https:\/\/schema.org\",\"@graph\":[{\"@type\":\"Organization\",\"@id\":\"https:\/\/jospec.com\/#organization\",\"name\":\"Jospec Instal\u00b7lacions\",\"url\":\"https:\/\/jospec.com\/\",\"sameAs\":[],\"logo\":{\"@type\":\"ImageObject\",\"inLanguage\":\"es\",\"@id\":\"https:\/\/jospec.com\/#\/schema\/logo\/image\/\",\"url\":\"https:\/\/jospec.com\/wp-content\/uploads\/2016\/11\/logo_jospec.png\",\"contentUrl\":\"https:\/\/jospec.com\/wp-content\/uploads\/2016\/11\/logo_jospec.png\",\"width\":1042,\"height\":1130,\"caption\":\"Jospec Instal\u00b7lacions\"},\"image\":{\"@id\":\"https:\/\/jospec.com\/#\/schema\/logo\/image\/\"}},{\"@type\":\"WebSite\",\"@id\":\"https:\/\/jospec.com\/#website\",\"url\":\"https:\/\/jospec.com\/\",\"name\":\"JOSPEC Instal\u00b7lacions\",\"description\":\"Altre lloc gestionat amb el WordPress\",\"publisher\":{\"@id\":\"https:\/\/jospec.com\/#organization\"},\"potentialAction\":[{\"@type\":\"SearchAction\",\"target\":{\"@type\":\"EntryPoint\",\"urlTemplate\":\"https:\/\/jospec.com\/?s={search_term_string}\"},\"query-input\":\"required name=search_term_string\"}],\"inLanguage\":\"es\"},{\"@type\":\"ImageObject\",\"inLanguage\":\"es\",\"@id\":\"https:\/\/jospec.com\/es\/producte\/lampara-loto-l\/#primaryimage\",\"url\":\"https:\/\/jospec.com\/wp-content\/uploads\/2019\/11\/DSC01088.jpg\",\"contentUrl\":\"https:\/\/jospec.com\/wp-content\/uploads\/2019\/11\/DSC01088.jpg\",\"width\":1600,\"height\":1200},{\"@type\":\"WebPage\",\"@id\":\"https:\/\/jospec.com\/es\/producte\/lampara-loto-l\/#webpage\",\"url\":\"https:\/\/jospec.com\/es\/producte\/lampara-loto-l\/\",\"name\":\"L\u00c1MPARA LOTO L - JOSPEC Instal\u00b7lacions\",\"isPartOf\":{\"@id\":\"https:\/\/jospec.com\/#website\"},\"primaryImageOfPage\":{\"@id\":\"https:\/\/jospec.com\/es\/producte\/lampara-loto-l\/#primaryimage\"},\"datePublished\":\"2019-11-07T11:41:43+00:00\",\"dateModified\":\"2020-04-06T11:53:27+00:00\",\"description\":\"L\u00e1mpara LOTO L rattan natural. L\u00e1mpara con un estilo impecable. Fabricada 100% a mano. Incluye parte el\u00e9ctrica. DIMENSIONS D.45xA.70cm.\",\"breadcrumb\":{\"@id\":\"https:\/\/jospec.com\/es\/producte\/lampara-loto-l\/#breadcrumb\"},\"inLanguage\":\"es\",\"potentialAction\":[{\"@type\":\"ReadAction\",\"target\":[\"https:\/\/jospec.com\/es\/producte\/lampara-loto-l\/\"]}]},{\"@type\":\"BreadcrumbList\",\"@id\":\"https:\/\/jospec.com\/es\/producte\/lampara-loto-l\/#breadcrumb\",\"itemListElement\":[{\"@type\":\"ListItem\",\"position\":1,\"name\":\"Inici\",\"item\":\"https:\/\/jospec.com\/es\/\"},{\"@type\":\"ListItem\",\"position\":2,\"name\":\"Tienda\",\"item\":\"https:\/\/jospec.com\/es\/tienda\/\"},{\"@type\":\"ListItem\",\"position\":3,\"name\":\"L\u00c1MPARA LOTO L\"}]}]}<\/script>\n<!-- \/ Yoast SEO plugin. -->","yoast_head_json":{"title":"L\u00c1MPARA LOTO L - JOSPEC Instal\u00b7lacions","description":"L\u00e1mpara LOTO L rattan natural. L\u00e1mpara con un estilo impecable. Fabricada 100% a mano. Incluye parte el\u00e9ctrica. DIMENSIONS D.45xA.70cm.","robots":{"index":"noindex","follow":"follow"},"og_locale":"es_ES","og_type":"article","og_title":"L\u00c1MPARA LOTO L - JOSPEC Instal\u00b7lacions","og_description":"L\u00e1mpara LOTO L rattan natural. L\u00e1mpara con un estilo impecable. Fabricada 100% a mano. Incluye parte el\u00e9ctrica. DIMENSIONS D.45xA.70cm.","og_url":"https:\/\/jospec.com\/es\/producte\/lampara-loto-l\/","og_site_name":"JOSPEC Instal\u00b7lacions","article_modified_time":"2020-04-06T11:53:27+00:00","og_image":[{"width":1600,"height":1200,"url":"https:\/\/jospec.com\/wp-content\/uploads\/2019\/11\/DSC01088.jpg","type":"image\/jpeg"}],"twitter_card":"summary","schema":{"@context":"https:\/\/schema.org","@graph":[{"@type":"Organization","@id":"https:\/\/jospec.com\/#organization","name":"Jospec Instal\u00b7lacions","url":"https:\/\/jospec.com\/","sameAs":[],"logo":{"@type":"ImageObject","inLanguage":"es","@id":"https:\/\/jospec.com\/#\/schema\/logo\/image\/","url":"https:\/\/jospec.com\/wp-content\/uploads\/2016\/11\/logo_jospec.png","contentUrl":"https:\/\/jospec.com\/wp-content\/uploads\/2016\/11\/logo_jospec.png","width":1042,"height":1130,"caption":"Jospec Instal\u00b7lacions"},"image":{"@id":"https:\/\/jospec.com\/#\/schema\/logo\/image\/"}},{"@type":"WebSite","@id":"https:\/\/jospec.com\/#website","url":"https:\/\/jospec.com\/","name":"JOSPEC Instal\u00b7lacions","description":"Altre lloc gestionat amb el WordPress","publisher":{"@id":"https:\/\/jospec.com\/#organization"},"potentialAction":[{"@type":"SearchAction","target":{"@type":"EntryPoint","urlTemplate":"https:\/\/jospec.com\/?s={search_term_string}"},"query-input":"required name=search_term_string"}],"inLanguage":"es"},{"@type":"ImageObject","inLanguage":"es","@id":"https:\/\/jospec.com\/es\/producte\/lampara-loto-l\/#primaryimage","url":"https:\/\/jospec.com\/wp-content\/uploads\/2019\/11\/DSC01088.jpg","contentUrl":"https:\/\/jospec.com\/wp-content\/uploads\/2019\/11\/DSC01088.jpg","width":1600,"height":1200},{"@type":"WebPage","@id":"https:\/\/jospec.com\/es\/producte\/lampara-loto-l\/#webpage","url":"https:\/\/jospec.com\/es\/producte\/lampara-loto-l\/","name":"L\u00c1MPARA LOTO L - JOSPEC Instal\u00b7lacions","isPartOf":{"@id":"https:\/\/jospec.com\/#website"},"primaryImageOfPage":{"@id":"https:\/\/jospec.com\/es\/producte\/lampara-loto-l\/#primaryimage"},"datePublished":"2019-11-07T11:41:43+00:00","dateModified":"2020-04-06T11:53:27+00:00","description":"L\u00e1mpara LOTO L rattan natural. L\u00e1mpara con un estilo impecable. Fabricada 100% a mano. Incluye parte el\u00e9ctrica. DIMENSIONS D.45xA.70cm.","breadcrumb":{"@id":"https:\/\/jospec.com\/es\/producte\/lampara-loto-l\/#breadcrumb"},"inLanguage":"es","potentialAction":[{"@type":"ReadAction","target":["https:\/\/jospec.com\/es\/producte\/lampara-loto-l\/"]}]},{"@type":"BreadcrumbList","@id":"https:\/\/jospec.com\/es\/producte\/lampara-loto-l\/#breadcrumb","itemListElement":[{"@type":"ListItem","position":1,"name":"Inici","item":"https:\/\/jospec.com\/es\/"},{"@type":"ListItem","position":2,"name":"Tienda","item":"https:\/\/jospec.com\/es\/tienda\/"},{"@type":"ListItem","position":3,"name":"L\u00c1MPARA LOTO L"}]}]}},"_links":{"self":[{"href":"https:\/\/jospec.com\/es\/wp-json\/wp\/v2\/product\/5692"}],"collection":[{"href":"https:\/\/jospec.com\/es\/wp-json\/wp\/v2\/product"}],"about":[{"href":"https:\/\/jospec.com\/es\/wp-json\/wp\/v2\/types\/product"}],"wp:featuredmedia":[{"embeddable":true,"href":"https:\/\/jospec.com\/es\/wp-json\/wp\/v2\/media\/5674"}],"wp:attachment":[{"href":"https:\/\/jospec.com\/es\/wp-json\/wp\/v2\/media?parent=5692"}],"wp:term":[{"taxonomy":"product_cat","embeddable":true,"href":"https:\/\/jospec.com\/es\/wp-json\/wp\/v2\/product_cat?post=5692"},{"taxonomy":"product_tag","embeddable":true,"href":"https:\/\/jospec.com\/es\/wp-json\/wp\/v2\/product_tag?post=5692"}],"curies":[{"name":"wp","href":"https:\/\/api.w.org\/{rel}","templated":true}]}}