{"id":5360,"date":"2019-10-25T16:13:32","date_gmt":"2019-10-25T16:13:32","guid":{"rendered":"https:\/\/jospec.com\/producte\/mesa-peacock-rattan-natural\/"},"modified":"2020-02-26T16:43:33","modified_gmt":"2020-02-26T16:43:33","slug":"mesa-peacock-rattan-natural","status":"publish","type":"product","link":"https:\/\/jospec.com\/es\/producte\/mesa-peacock-rattan-natural\/","title":{"rendered":"MESA PEACOCK RATTAN NATURAL"},"content":{"rendered":"","protected":false},"excerpt":{"rendered":"<p>&nbsp;<\/p>\n<p>Mesa PEACOCK rattan natural<\/p>\n<p>&nbsp;<\/p>\n<p><em><strong>DIMENSIONES<\/strong><\/em><\/p>\n<p>Mesa centro tama\u00f1o peque\u00f1o PEACOCK D.40 x H.45cm.<\/p>\n<p>&nbsp;<\/p>\n<p>*Tambi\u00e9n disponible con tama\u00f1o medio D.60 x H.50cm. (Precio Rebajado: 348,90\u20ac)<\/p>\n","protected":false},"featured_media":5534,"template":"","meta":{"_mi_skip_tracking":false},"product_cat":[91,92],"product_tag":[],"yoast_head":"<!-- This site is optimized with the Yoast SEO plugin v19.0 - https:\/\/yoast.com\/wordpress\/plugins\/seo\/ -->\n<title>MESA PEACOCK RATTAN NATURAL - JOSPEC Instal\u00b7lacions<\/title>\n<meta name=\"description\" content=\"Mesa PEACOCK rattan natural DIMENSIONES Mesa centro tama\u00f1o peque\u00f1o PEACOCK D.40 *Tambi\u00e9n disponible con tama\u00f1o medio D.60 (Precio: 348,90\u20ac)\" \/>\n<meta name=\"robots\" content=\"noindex, follow\" \/>\n<meta property=\"og:locale\" content=\"es_ES\" \/>\n<meta property=\"og:type\" content=\"article\" \/>\n<meta property=\"og:title\" content=\"MESA PEACOCK RATTAN NATURAL - JOSPEC Instal\u00b7lacions\" \/>\n<meta property=\"og:description\" content=\"Mesa PEACOCK rattan natural DIMENSIONES Mesa centro tama\u00f1o peque\u00f1o PEACOCK D.40 *Tambi\u00e9n disponible con tama\u00f1o medio D.60 (Precio: 348,90\u20ac)\" \/>\n<meta property=\"og:url\" content=\"https:\/\/jospec.com\/es\/producte\/mesa-peacock-rattan-natural\/\" \/>\n<meta property=\"og:site_name\" content=\"JOSPEC Instal\u00b7lacions\" \/>\n<meta property=\"article:modified_time\" content=\"2020-02-26T16:43:33+00:00\" \/>\n<meta property=\"og:image\" content=\"https:\/\/jospec.com\/wp-content\/uploads\/2019\/10\/TAULETA-RATTAN.jpg\" \/>\n\t<meta property=\"og:image:width\" content=\"900\" \/>\n\t<meta property=\"og:image:height\" content=\"1200\" \/>\n\t<meta property=\"og:image:type\" content=\"image\/jpeg\" \/>\n<meta name=\"twitter:card\" content=\"summary\" \/>\n<script type=\"application\/ld+json\" class=\"yoast-schema-graph\">{\"@context\":\"https:\/\/schema.org\",\"@graph\":[{\"@type\":\"Organization\",\"@id\":\"https:\/\/jospec.com\/#organization\",\"name\":\"Jospec Instal\u00b7lacions\",\"url\":\"https:\/\/jospec.com\/\",\"sameAs\":[],\"logo\":{\"@type\":\"ImageObject\",\"inLanguage\":\"es\",\"@id\":\"https:\/\/jospec.com\/#\/schema\/logo\/image\/\",\"url\":\"https:\/\/jospec.com\/wp-content\/uploads\/2016\/11\/logo_jospec.png\",\"contentUrl\":\"https:\/\/jospec.com\/wp-content\/uploads\/2016\/11\/logo_jospec.png\",\"width\":1042,\"height\":1130,\"caption\":\"Jospec Instal\u00b7lacions\"},\"image\":{\"@id\":\"https:\/\/jospec.com\/#\/schema\/logo\/image\/\"}},{\"@type\":\"WebSite\",\"@id\":\"https:\/\/jospec.com\/#website\",\"url\":\"https:\/\/jospec.com\/\",\"name\":\"JOSPEC Instal\u00b7lacions\",\"description\":\"Altre lloc gestionat amb el WordPress\",\"publisher\":{\"@id\":\"https:\/\/jospec.com\/#organization\"},\"potentialAction\":[{\"@type\":\"SearchAction\",\"target\":{\"@type\":\"EntryPoint\",\"urlTemplate\":\"https:\/\/jospec.com\/?s={search_term_string}\"},\"query-input\":\"required name=search_term_string\"}],\"inLanguage\":\"es\"},{\"@type\":\"ImageObject\",\"inLanguage\":\"es\",\"@id\":\"https:\/\/jospec.com\/es\/producte\/mesa-peacock-rattan-natural\/#primaryimage\",\"url\":\"https:\/\/jospec.com\/wp-content\/uploads\/2019\/10\/TAULETA-RATTAN.jpg\",\"contentUrl\":\"https:\/\/jospec.com\/wp-content\/uploads\/2019\/10\/TAULETA-RATTAN.jpg\",\"width\":900,\"height\":1200},{\"@type\":\"WebPage\",\"@id\":\"https:\/\/jospec.com\/es\/producte\/mesa-peacock-rattan-natural\/#webpage\",\"url\":\"https:\/\/jospec.com\/es\/producte\/mesa-peacock-rattan-natural\/\",\"name\":\"MESA PEACOCK RATTAN NATURAL - JOSPEC Instal\u00b7lacions\",\"isPartOf\":{\"@id\":\"https:\/\/jospec.com\/#website\"},\"primaryImageOfPage\":{\"@id\":\"https:\/\/jospec.com\/es\/producte\/mesa-peacock-rattan-natural\/#primaryimage\"},\"datePublished\":\"2019-10-25T16:13:32+00:00\",\"dateModified\":\"2020-02-26T16:43:33+00:00\",\"description\":\"Mesa PEACOCK rattan natural DIMENSIONES Mesa centro tama\u00f1o peque\u00f1o PEACOCK D.40 *Tambi\u00e9n disponible con tama\u00f1o medio D.60 (Precio: 348,90\u20ac)\",\"breadcrumb\":{\"@id\":\"https:\/\/jospec.com\/es\/producte\/mesa-peacock-rattan-natural\/#breadcrumb\"},\"inLanguage\":\"es\",\"potentialAction\":[{\"@type\":\"ReadAction\",\"target\":[\"https:\/\/jospec.com\/es\/producte\/mesa-peacock-rattan-natural\/\"]}]},{\"@type\":\"BreadcrumbList\",\"@id\":\"https:\/\/jospec.com\/es\/producte\/mesa-peacock-rattan-natural\/#breadcrumb\",\"itemListElement\":[{\"@type\":\"ListItem\",\"position\":1,\"name\":\"Inici\",\"item\":\"https:\/\/jospec.com\/es\/\"},{\"@type\":\"ListItem\",\"position\":2,\"name\":\"Tienda\",\"item\":\"https:\/\/jospec.com\/es\/tienda\/\"},{\"@type\":\"ListItem\",\"position\":3,\"name\":\"MESA PEACOCK RATTAN NATURAL\"}]}]}<\/script>\n<!-- \/ Yoast SEO plugin. -->","yoast_head_json":{"title":"MESA PEACOCK RATTAN NATURAL - JOSPEC Instal\u00b7lacions","description":"Mesa PEACOCK rattan natural DIMENSIONES Mesa centro tama\u00f1o peque\u00f1o PEACOCK D.40 *Tambi\u00e9n disponible con tama\u00f1o medio D.60 (Precio: 348,90\u20ac)","robots":{"index":"noindex","follow":"follow"},"og_locale":"es_ES","og_type":"article","og_title":"MESA PEACOCK RATTAN NATURAL - JOSPEC Instal\u00b7lacions","og_description":"Mesa PEACOCK rattan natural DIMENSIONES Mesa centro tama\u00f1o peque\u00f1o PEACOCK D.40 *Tambi\u00e9n disponible con tama\u00f1o medio D.60 (Precio: 348,90\u20ac)","og_url":"https:\/\/jospec.com\/es\/producte\/mesa-peacock-rattan-natural\/","og_site_name":"JOSPEC Instal\u00b7lacions","article_modified_time":"2020-02-26T16:43:33+00:00","og_image":[{"width":900,"height":1200,"url":"https:\/\/jospec.com\/wp-content\/uploads\/2019\/10\/TAULETA-RATTAN.jpg","type":"image\/jpeg"}],"twitter_card":"summary","schema":{"@context":"https:\/\/schema.org","@graph":[{"@type":"Organization","@id":"https:\/\/jospec.com\/#organization","name":"Jospec Instal\u00b7lacions","url":"https:\/\/jospec.com\/","sameAs":[],"logo":{"@type":"ImageObject","inLanguage":"es","@id":"https:\/\/jospec.com\/#\/schema\/logo\/image\/","url":"https:\/\/jospec.com\/wp-content\/uploads\/2016\/11\/logo_jospec.png","contentUrl":"https:\/\/jospec.com\/wp-content\/uploads\/2016\/11\/logo_jospec.png","width":1042,"height":1130,"caption":"Jospec Instal\u00b7lacions"},"image":{"@id":"https:\/\/jospec.com\/#\/schema\/logo\/image\/"}},{"@type":"WebSite","@id":"https:\/\/jospec.com\/#website","url":"https:\/\/jospec.com\/","name":"JOSPEC Instal\u00b7lacions","description":"Altre lloc gestionat amb el WordPress","publisher":{"@id":"https:\/\/jospec.com\/#organization"},"potentialAction":[{"@type":"SearchAction","target":{"@type":"EntryPoint","urlTemplate":"https:\/\/jospec.com\/?s={search_term_string}"},"query-input":"required name=search_term_string"}],"inLanguage":"es"},{"@type":"ImageObject","inLanguage":"es","@id":"https:\/\/jospec.com\/es\/producte\/mesa-peacock-rattan-natural\/#primaryimage","url":"https:\/\/jospec.com\/wp-content\/uploads\/2019\/10\/TAULETA-RATTAN.jpg","contentUrl":"https:\/\/jospec.com\/wp-content\/uploads\/2019\/10\/TAULETA-RATTAN.jpg","width":900,"height":1200},{"@type":"WebPage","@id":"https:\/\/jospec.com\/es\/producte\/mesa-peacock-rattan-natural\/#webpage","url":"https:\/\/jospec.com\/es\/producte\/mesa-peacock-rattan-natural\/","name":"MESA PEACOCK RATTAN NATURAL - JOSPEC Instal\u00b7lacions","isPartOf":{"@id":"https:\/\/jospec.com\/#website"},"primaryImageOfPage":{"@id":"https:\/\/jospec.com\/es\/producte\/mesa-peacock-rattan-natural\/#primaryimage"},"datePublished":"2019-10-25T16:13:32+00:00","dateModified":"2020-02-26T16:43:33+00:00","description":"Mesa PEACOCK rattan natural DIMENSIONES Mesa centro tama\u00f1o peque\u00f1o PEACOCK D.40 *Tambi\u00e9n disponible con tama\u00f1o medio D.60 (Precio: 348,90\u20ac)","breadcrumb":{"@id":"https:\/\/jospec.com\/es\/producte\/mesa-peacock-rattan-natural\/#breadcrumb"},"inLanguage":"es","potentialAction":[{"@type":"ReadAction","target":["https:\/\/jospec.com\/es\/producte\/mesa-peacock-rattan-natural\/"]}]},{"@type":"BreadcrumbList","@id":"https:\/\/jospec.com\/es\/producte\/mesa-peacock-rattan-natural\/#breadcrumb","itemListElement":[{"@type":"ListItem","position":1,"name":"Inici","item":"https:\/\/jospec.com\/es\/"},{"@type":"ListItem","position":2,"name":"Tienda","item":"https:\/\/jospec.com\/es\/tienda\/"},{"@type":"ListItem","position":3,"name":"MESA PEACOCK RATTAN NATURAL"}]}]}},"_links":{"self":[{"href":"https:\/\/jospec.com\/es\/wp-json\/wp\/v2\/product\/5360"}],"collection":[{"href":"https:\/\/jospec.com\/es\/wp-json\/wp\/v2\/product"}],"about":[{"href":"https:\/\/jospec.com\/es\/wp-json\/wp\/v2\/types\/product"}],"wp:featuredmedia":[{"embeddable":true,"href":"https:\/\/jospec.com\/es\/wp-json\/wp\/v2\/media\/5534"}],"wp:attachment":[{"href":"https:\/\/jospec.com\/es\/wp-json\/wp\/v2\/media?parent=5360"}],"wp:term":[{"taxonomy":"product_cat","embeddable":true,"href":"https:\/\/jospec.com\/es\/wp-json\/wp\/v2\/product_cat?post=5360"},{"taxonomy":"product_tag","embeddable":true,"href":"https:\/\/jospec.com\/es\/wp-json\/wp\/v2\/product_tag?post=5360"}],"curies":[{"name":"wp","href":"https:\/\/api.w.org\/{rel}","templated":true}]}}