{"id":3173,"date":"2018-05-23T16:09:47","date_gmt":"2018-05-23T16:09:47","guid":{"rendered":"http:\/\/jospec.com\/?page_id=3173"},"modified":"2018-05-31T15:07:48","modified_gmt":"2018-05-31T15:07:48","slug":"herramientas-de-privacidad","status":"publish","type":"page","link":"https:\/\/jospec.com\/es\/herramientas-de-privacidad\/","title":{"rendered":"Herramientas de Privacidad"},"content":{"rendered":"<p>Si ha comunicado datos a esta p\u00e1gina web, a trav\u00e9s de los formularios de contacto, solicitud de informaci\u00f3n y\/o presupuesto y comentarios, puede ejercer sus derechos en la herramienta que hemos implementado para tal fin. Deber\u00e1 introducir su correo electr\u00f3nico, y seguir las instrucciones que se le indican en el correo electr\u00f3nico recibido.<\/p>\n<p>[gdpr_privacy_tools]<\/p>\n","protected":false},"excerpt":{"rendered":"<p>Si ha comunicado datos a esta p\u00e1gina web, a trav\u00e9s de los formularios de contacto, solicitud de informaci\u00f3n y\/o presupuesto y comentarios, puede ejercer sus derechos en la herramienta que hemos implementado para tal fin. Deber\u00e1 introducir su correo electr\u00f3nico, y seguir las instrucciones que se le indican en el correo electr\u00f3nico recibido. [gdpr_privacy_tools]<\/p>\n","protected":false},"author":1,"featured_media":0,"parent":0,"menu_order":0,"comment_status":"closed","ping_status":"closed","template":"","meta":{"_mi_skip_tracking":false},"yoast_head":"<!-- This site is optimized with the Yoast SEO plugin v19.0 - https:\/\/yoast.com\/wordpress\/plugins\/seo\/ -->\n<title>Herramientas de Privacidad - JOSPEC Instal\u00b7lacions<\/title>\n<meta name=\"robots\" content=\"noindex, nofollow\" \/>\n<meta property=\"og:locale\" content=\"es_ES\" \/>\n<meta property=\"og:type\" content=\"article\" \/>\n<meta property=\"og:title\" content=\"Herramientas de Privacidad - JOSPEC Instal\u00b7lacions\" \/>\n<meta property=\"og:description\" content=\"Si ha comunicado datos a esta p\u00e1gina web, a trav\u00e9s de los formularios de contacto, solicitud de informaci\u00f3n y\/o presupuesto y comentarios, puede ejercer sus derechos en la herramienta que hemos implementado para tal fin. Deber\u00e1 introducir su correo electr\u00f3nico, y seguir las instrucciones que se le indican en el correo electr\u00f3nico recibido. [gdpr_privacy_tools]\" \/>\n<meta property=\"og:url\" content=\"https:\/\/jospec.com\/es\/herramientas-de-privacidad\/\" \/>\n<meta property=\"og:site_name\" content=\"JOSPEC Instal\u00b7lacions\" \/>\n<meta property=\"article:modified_time\" content=\"2018-05-31T15:07:48+00:00\" \/>\n<meta name=\"twitter:card\" content=\"summary\" \/>\n<script type=\"application\/ld+json\" class=\"yoast-schema-graph\">{\"@context\":\"https:\/\/schema.org\",\"@graph\":[{\"@type\":\"Organization\",\"@id\":\"https:\/\/jospec.com\/#organization\",\"name\":\"Jospec Instal\u00b7lacions\",\"url\":\"https:\/\/jospec.com\/\",\"sameAs\":[],\"logo\":{\"@type\":\"ImageObject\",\"inLanguage\":\"es\",\"@id\":\"https:\/\/jospec.com\/#\/schema\/logo\/image\/\",\"url\":\"https:\/\/jospec.com\/wp-content\/uploads\/2016\/11\/logo_jospec.png\",\"contentUrl\":\"https:\/\/jospec.com\/wp-content\/uploads\/2016\/11\/logo_jospec.png\",\"width\":1042,\"height\":1130,\"caption\":\"Jospec Instal\u00b7lacions\"},\"image\":{\"@id\":\"https:\/\/jospec.com\/#\/schema\/logo\/image\/\"}},{\"@type\":\"WebSite\",\"@id\":\"https:\/\/jospec.com\/#website\",\"url\":\"https:\/\/jospec.com\/\",\"name\":\"JOSPEC Instal\u00b7lacions\",\"description\":\"Altre lloc gestionat amb el WordPress\",\"publisher\":{\"@id\":\"https:\/\/jospec.com\/#organization\"},\"potentialAction\":[{\"@type\":\"SearchAction\",\"target\":{\"@type\":\"EntryPoint\",\"urlTemplate\":\"https:\/\/jospec.com\/?s={search_term_string}\"},\"query-input\":\"required name=search_term_string\"}],\"inLanguage\":\"es\"},{\"@type\":\"WebPage\",\"@id\":\"https:\/\/jospec.com\/es\/herramientas-de-privacidad\/#webpage\",\"url\":\"https:\/\/jospec.com\/es\/herramientas-de-privacidad\/\",\"name\":\"Herramientas de Privacidad - JOSPEC Instal\u00b7lacions\",\"isPartOf\":{\"@id\":\"https:\/\/jospec.com\/#website\"},\"datePublished\":\"2018-05-23T16:09:47+00:00\",\"dateModified\":\"2018-05-31T15:07:48+00:00\",\"breadcrumb\":{\"@id\":\"https:\/\/jospec.com\/es\/herramientas-de-privacidad\/#breadcrumb\"},\"inLanguage\":\"es\",\"potentialAction\":[{\"@type\":\"ReadAction\",\"target\":[\"https:\/\/jospec.com\/es\/herramientas-de-privacidad\/\"]}]},{\"@type\":\"BreadcrumbList\",\"@id\":\"https:\/\/jospec.com\/es\/herramientas-de-privacidad\/#breadcrumb\",\"itemListElement\":[{\"@type\":\"ListItem\",\"position\":1,\"name\":\"Inici\",\"item\":\"https:\/\/jospec.com\/es\/\"},{\"@type\":\"ListItem\",\"position\":2,\"name\":\"Herramientas de Privacidad\"}]}]}<\/script>\n<!-- \/ Yoast SEO plugin. -->","yoast_head_json":{"title":"Herramientas de Privacidad - JOSPEC Instal\u00b7lacions","robots":{"index":"noindex","follow":"nofollow"},"og_locale":"es_ES","og_type":"article","og_title":"Herramientas de Privacidad - JOSPEC Instal\u00b7lacions","og_description":"Si ha comunicado datos a esta p\u00e1gina web, a trav\u00e9s de los formularios de contacto, solicitud de informaci\u00f3n y\/o presupuesto y comentarios, puede ejercer sus derechos en la herramienta que hemos implementado para tal fin. Deber\u00e1 introducir su correo electr\u00f3nico, y seguir las instrucciones que se le indican en el correo electr\u00f3nico recibido. [gdpr_privacy_tools]","og_url":"https:\/\/jospec.com\/es\/herramientas-de-privacidad\/","og_site_name":"JOSPEC Instal\u00b7lacions","article_modified_time":"2018-05-31T15:07:48+00:00","twitter_card":"summary","schema":{"@context":"https:\/\/schema.org","@graph":[{"@type":"Organization","@id":"https:\/\/jospec.com\/#organization","name":"Jospec Instal\u00b7lacions","url":"https:\/\/jospec.com\/","sameAs":[],"logo":{"@type":"ImageObject","inLanguage":"es","@id":"https:\/\/jospec.com\/#\/schema\/logo\/image\/","url":"https:\/\/jospec.com\/wp-content\/uploads\/2016\/11\/logo_jospec.png","contentUrl":"https:\/\/jospec.com\/wp-content\/uploads\/2016\/11\/logo_jospec.png","width":1042,"height":1130,"caption":"Jospec Instal\u00b7lacions"},"image":{"@id":"https:\/\/jospec.com\/#\/schema\/logo\/image\/"}},{"@type":"WebSite","@id":"https:\/\/jospec.com\/#website","url":"https:\/\/jospec.com\/","name":"JOSPEC Instal\u00b7lacions","description":"Altre lloc gestionat amb el WordPress","publisher":{"@id":"https:\/\/jospec.com\/#organization"},"potentialAction":[{"@type":"SearchAction","target":{"@type":"EntryPoint","urlTemplate":"https:\/\/jospec.com\/?s={search_term_string}"},"query-input":"required name=search_term_string"}],"inLanguage":"es"},{"@type":"WebPage","@id":"https:\/\/jospec.com\/es\/herramientas-de-privacidad\/#webpage","url":"https:\/\/jospec.com\/es\/herramientas-de-privacidad\/","name":"Herramientas de Privacidad - JOSPEC Instal\u00b7lacions","isPartOf":{"@id":"https:\/\/jospec.com\/#website"},"datePublished":"2018-05-23T16:09:47+00:00","dateModified":"2018-05-31T15:07:48+00:00","breadcrumb":{"@id":"https:\/\/jospec.com\/es\/herramientas-de-privacidad\/#breadcrumb"},"inLanguage":"es","potentialAction":[{"@type":"ReadAction","target":["https:\/\/jospec.com\/es\/herramientas-de-privacidad\/"]}]},{"@type":"BreadcrumbList","@id":"https:\/\/jospec.com\/es\/herramientas-de-privacidad\/#breadcrumb","itemListElement":[{"@type":"ListItem","position":1,"name":"Inici","item":"https:\/\/jospec.com\/es\/"},{"@type":"ListItem","position":2,"name":"Herramientas de Privacidad"}]}]}},"_links":{"self":[{"href":"https:\/\/jospec.com\/es\/wp-json\/wp\/v2\/pages\/3173"}],"collection":[{"href":"https:\/\/jospec.com\/es\/wp-json\/wp\/v2\/pages"}],"about":[{"href":"https:\/\/jospec.com\/es\/wp-json\/wp\/v2\/types\/page"}],"author":[{"embeddable":true,"href":"https:\/\/jospec.com\/es\/wp-json\/wp\/v2\/users\/1"}],"replies":[{"embeddable":true,"href":"https:\/\/jospec.com\/es\/wp-json\/wp\/v2\/comments?post=3173"}],"version-history":[{"count":0,"href":"https:\/\/jospec.com\/es\/wp-json\/wp\/v2\/pages\/3173\/revisions"}],"wp:attachment":[{"href":"https:\/\/jospec.com\/es\/wp-json\/wp\/v2\/media?parent=3173"}],"curies":[{"name":"wp","href":"https:\/\/api.w.org\/{rel}","templated":true}]}}