{"id":3151,"date":"2018-05-23T15:47:23","date_gmt":"2018-05-23T15:47:23","guid":{"rendered":"http:\/\/jospec.com\/?page_id=3151"},"modified":"2019-04-01T14:53:12","modified_gmt":"2019-04-01T14:53:12","slug":"politica-de-privacidad-y-cookies","status":"publish","type":"page","link":"https:\/\/jospec.com\/es\/politica-de-privacidad-y-cookies\/","title":{"rendered":"Pol\u00edtica de Privacidad y Cookies"},"content":{"rendered":"<h5 class=\"page-subheading\">1. INFORMACI\u00d3N AL USUARIO<\/h5>\n<p><strong>Responsable del tratamiento<\/strong> :<\/p>\n<p><strong>Identidad:<\/strong> DISSENY LED &#038; INSTAL\u00b7LACIONS, S.L.<br \/>\n<strong>NIF:<\/strong> B55748511<br \/>\n<strong>Dir. postal:<\/strong> Av. Catalunya, 159, 43896 l\u2019ALDEA (TARRAGONA)<br \/>\n<strong>Tel\u00e9fono:<\/strong>\u00a0 678 757 639<br \/>\n<strong>Correo electr\u00f3nico:<\/strong> info@jospec.com<\/p>\n<p class=\"bottom-indent\">DISSENY LED &#038; INSTAL\u00b7LACIONS, S.L., en adelante RESPONSABLE, es el Responsable del tratamiento de los datos\u00a0personales del Usuario y le informa que estos datos ser\u00e1n tratados de\u00a0 conformidad con lo dispuesto en\u00a0el Reglamento (UE) 2016\/679 de 27 de abril de 2016 (GDPR) relativo a la protecci\u00f3n de las personas\u00a0f\u00edsicas en lo que respecta al tratamiento de datos personales y a la libre circulaci\u00f3n de estos datos, por\u00a0lo que se le facilita la siguiente informaci\u00f3n del tratamiento:<\/p>\n<p class=\"bottom-indent\"><strong>Fin del tratamiento:<\/strong> mantener una relaci\u00f3n comercial con el Usuario y atender las peticiones solicitadas a trav\u00e9s de los formularios de contacto del sitio.<\/p>\n<p><strong>Qu\u00e9 datos recogemos:<\/strong> recogemos los datos necesarios para poder atender a las peticiones solicitadas: Email, nombre, empresa, tel\u00e9fono y p\u00e1gina web.<\/p>\n<p><strong>Las operaciones previstas para\u00a0realizar el tratamiento son:<\/strong><\/p>\n<ul>\n<li>Tramitar encargos, solicitudes o cualquier tipo de petici\u00f3n que sea realizada por el usuario a\u00a0trav\u00e9s de cualquiera de las formas de contacto que se ponen a su disposici\u00f3n.<\/li>\n<li>Remisi\u00f3n de comunicaciones comerciales publicitarias por email, fax, SMS, MMS,\u00a0comunidades sociales o cualquier otro medio electr\u00f3nico o f\u00edsico, presente o futuro, que\u00a0posibilite realizar comunicaciones comerciales siempre que se acepte dicha finalidad. Estas comunicaciones ser\u00e1n realizadas por\u00a0el RESPONSABLE y relacionadas sobre sus productos y\u00a0 servicios, o de sus colaboradores o\u00a0proveedores con los que \u00e9ste haya alcanzado alg\u00fan acuerdo de promoci\u00f3n. En este caso, los\u00a0terceros nunca tendr\u00e1n acceso a los datos personales.<\/li>\n<li>Remitir el bolet\u00edn de noticias de la p\u00e1gina web<\/li>\n<li>Realizar estudios estad\u00edsticos.<\/li>\n<\/ul>\n<p><strong>Criterios de conservaci\u00f3n de los datos:<\/strong> se conservar\u00e1n mientras exista un inter\u00e9s mutuo para\u00a0mantener el fin del tratamiento y cuando ya no sea necesario para tal fin, se suprimir\u00e1n con medidas\u00a0de seguridad adecuadas para garantizar la seudonimizaci\u00f3n de los datos o la destrucci\u00f3n total de los\u00a0mismos.<\/p>\n<p class=\"bottom-indent\"><strong>Comunicaci\u00f3n de los datos:<\/strong> No se comunicar\u00e1n los datos a terceros, salvo obligaci\u00f3n legal.<\/p>\n<p><strong>Derechos que asisten al Usuario:<\/strong><\/p>\n<ul>\n<li>Derecho a retirar el consentimiento en cualquier momento.<\/li>\n<li>Derecho de acceso, rectificaci\u00f3n, portabilidad y supresi\u00f3n de sus datos y a la limitaci\u00f3n u\u00a0oposici\u00f3n al su tratamiento.<\/li>\n<li>Derecho a presentar una reclamaci\u00f3n ante la autoridad de control (agpd.es) si considera que\u00a0el tratamiento no se ajusta a la normativa vigente.<\/li>\n<\/ul>\n<p><strong>Datos de contacto para ejercer sus derechos:<\/strong><\/p>\n<ul>\n<li class=\"bottom-indent\"><strong>Correo Postal:<\/strong> DISSENY LED &#038; INSTAL\u00b7LACIONS, S.L., Av. Catalunya, 159, 43896 l\u2019ALDEA (TARRAGONA)<\/li>\n<li class=\"bottom-indent\"><strong>Correo Electr\u00f3nico:<\/strong> info@jospec.com<\/li>\n<\/ul>\n<p><strong>Herramienta para ejercer sus derechos:<\/strong><\/p>\n<p>Si ha comunicado datos a esta p\u00e1gina web, a trav\u00e9s de los formularios de contacto, solicitud de informaci\u00f3n y\/o presupuesto y comentarios, puede ejercer sus derechos en la herramienta que hemos implementado para tal fin. Deber\u00e1 introducir su correo electr\u00f3nico, y seguir las instrucciones que se le indican en el correo electr\u00f3nico recibido: <a href=\"https:\/\/jospec.com\/es\/herramientas-de-privacidad\/\">ACCEDER A LA HERRAMIENTA DE PRIVACIDAD<\/a><\/p>\n<p><strong>Baja del bolet\u00edn de noticias:<\/strong><\/p>\n<p>Podr\u00e1 ejercer sus derechos en los enlaces proporcionados en el pi\u00e9 de los boletines de noticias que le enviamos.<\/p>\n<p><em><strong>*Si detecta que a\u00fan habiendo solicitado la eliminaci\u00f3n o rectificaci\u00f3n de los datos, no se ha aplicado, por favor, env\u00ede un correo electr\u00f3nico inmediatamente a info@jospec.com y procederemos de inmediato a ejecutar su petici\u00f3n manualmente.<\/strong><\/em><\/p>\n<p>&nbsp;<\/p>\n<h5 class=\"page-subheading\">2. CAR\u00c1CTER OBLIGATORIO O FACULTATIVO DE LA INFORMACI\u00d3N FACILITADA POR EL\u00a0USUARIO<\/h5>\n<p>Los Usuarios, mediante la marcaci\u00f3n de las casillas correspondientes y entrada de datos en los\u00a0campos, marcados con un asterisco (*) en el formulario de contacto o presentados en formularios de\u00a0descarga, aceptan expresamente y de forma libre e inequ\u00edvoca, que sus datos son necesarios para\u00a0atender su petici\u00f3n, por parte del prestador, siendo voluntaria la inclusi\u00f3n de datos en los campos\u00a0restantes. El Usuario garantiza que los datos personales facilitados al RESPONSABLE son veraces y\u00a0se hace responsable de comunicar cualquier modificaci\u00f3n de los mismos.<\/p>\n<p>El RESPONSABLE informa y garantiza expresamente a los usuarios que sus datos personales no\u00a0ser\u00e1n cedidos en ning\u00fan caso a terceros, y que siempre que realizara alg\u00fan tipo de cesi\u00f3n de datos\u00a0personales, se pedir\u00e1 previamente el consentimiento expreso, informado e inequ\u00edvoco por parte los\u00a0Usuarios. Todos los datos solicitados a trav\u00e9s del sitio web son obligatorios, ya que son necesarios\u00a0para la prestaci\u00f3n de un servicio \u00f3ptimo al Usuario. En caso de que no sean facilitados todos los datos,\u00a0no se garantiza que la informaci\u00f3n y servicios facilitados sean completamente ajustados a sus\u00a0necesidades.<\/p>\n<p>&nbsp;<\/p>\n<h5 class=\"page-subheading\">3. COMENTARIOS<\/h5>\n<p>Cuando los visitantes dejan comentarios en la web, recopilamos los datos que se muestran en el formulario de comentarios, as\u00ed como la direcci\u00f3n IP del visitante y la cadena de agentes de usuario del navegador para ayudar a la detecci\u00f3n de spam.<\/p>\n<p>Una cadena an\u00f3nima creada a partir de tu direcci\u00f3n de correo electr\u00f3nico (tambi\u00e9n llamada hash) puede ser proporcionada al servicio de Gravatar para ver si la est\u00e1s usando. La pol\u00edtica de privacidad del servicio Gravatar est\u00e1 disponible aqu\u00ed: https:\/\/automattic.com\/privacy\/. Despu\u00e9s de la aprobaci\u00f3n de tu comentario, la imagen de tu perfil es visible para el p\u00fablico en el contexto de su comentario.<\/p>\n<p>&nbsp;<\/p>\n<h5 class=\"page-subheading\">4. MEDIDAS DE SEGURIDAD<\/h5>\n<p>Que de conformidad con lo dispuesto en las normativas vigentes en protecci\u00f3n de datos personales, el RESPONSABLE est\u00e1 cumpliendo con todas las disposiciones de las normativas GDPR para el tratamiento de los datos personales de su responsabilidad, y manifiestamente con los principios descritos en el art\u00edculo 5 del GDPR, por los cuales son tratados de manera l\u00edcita, leal y transparente en relaci\u00f3n con el interesado y adecuados, pertinentes y limitados a lo necesario en relaci\u00f3n con los fines para los que son tratados.<\/p>\n<p>El RESPONSABLE garantiza que ha implementado pol\u00edticas t\u00e9cnicas y organizativas apropiadas para aplicar las medidas de seguridad que establecen el GDPR con el fin de proteger los derechos y libertades de los Usuarios y les ha comunicado la informaci\u00f3n adecuada para que puedan ejercerlos<\/p>\n<p>&nbsp;<\/p>\n<h5 style=\"text-align: justify;\"><b>5. INFORMACI\u00d3N SOBRE COOKIES<\/b><\/h5>\n<p style=\"text-align: justify;\">Debido a la entrada en vigor de la referente modificaci\u00f3n de la \u201cLey de Servicios de la Sociedad de la Informaci\u00f3n\u201d (LSSICE) establecida por el Real Decreto 13\/2012, es de obligaci\u00f3n obtener el consentimiento expreso del usuario de todas las p\u00e1ginas web que usan cookies prescindibles, antes de que \u00e9ste navegue por ellas.<\/p>\n<h5 style=\"text-align: justify;\"><b>\u00bfQU\u00c9 SON LAS COOKIES?<\/b><\/h5>\n<p>Las cookies y otras tecnolog\u00edas similares tales como local shared objects, flash cookies o p\u00edxeles, son herramientas empleadas por los servidores Web para almacenar y recuperar informaci\u00f3n acerca de sus visitantes, as\u00ed como para ofrecer un correcto funcionamiento del sitio.<\/p>\n<p>Mediante el uso de estos dispositivos se permite al servidor Web recordar algunos datos concernientes al usuario, como sus preferencias para la visualizaci\u00f3n de las p\u00e1ginas de ese servidor, nombre y contrase\u00f1a, productos que m\u00e1s le interesan, etc.<\/p>\n<h5 style=\"text-align: justify;\"><b>COOKIES AFECTADAS POR LA NORMATIVA Y COOKIES EXCEPTUADAS<\/b><\/h5>\n<p>Seg\u00fan la directiva de la UE, las cookies que requieren el consentimiento informado por parte del usuario son las cookies de anal\u00edtica y las de publicidad y afiliaci\u00f3n, quedando exceptuadas las de car\u00e1cter t\u00e9cnico y las necesarias para el funcionamiento del sitio web o la prestaci\u00f3n de servicios expresamente solicitados por el usuario.<\/p>\n<h5 style=\"text-align: justify;\"><b>\u00bfQU\u00c9 TIPOS DE COOKIES EXISTEN?<\/b><\/h5>\n<p>Sobre los tipos de cookies, existen cinco grandes grupos:<\/p>\n<ul>\n<li>Cookies anal\u00edticas: recogen informaci\u00f3n del uso que se realiza del sitio web.<\/li>\n<li>Cookies sociales: son aquellas necesarias para redes sociales externas.<\/li>\n<li>Cookies de afiliados: permiten hacer un seguimiento de las visitas procedentes de otras webs, con las que el sitio web establece un contrato de afiliaci\u00f3n (empresas de afiliaci\u00f3n).<\/li>\n<li>Cookies de publicidad y comportamentales: recogen informaci\u00f3n sobre las preferencias y elecciones personales del usuario (retargeting).<\/li>\n<li>Cookies t\u00e9cnicas y funcionales: son las estrictamente necesarias para el uso del sitio web y para la prestaci\u00f3n del servicio contratado.<\/li>\n<\/ul>\n<h5><b>COOKIES QUE SE UTILIZAN EN ESTE SITIO WEB<\/b><\/h5>\n<ul>\n<li>ac_cookies: cookie t\u00e9cnica y estrictamente necesaria que contiene el valor de si se ha aceptado la instalaci\u00f3n de cookies. Caduca en 1 a\u00f1o desde la \u00faltima actualizaci\u00f3n.<\/li>\n<li>_ga: cookie de Google Analytics que habilita la funci\u00f3n de control de visitas \u00fanicas. La primera vez que un usuario entre en el sitio web a trav\u00e9s de un navegador se instalar\u00e1 esta cookie. Cuando este usuario vuelva a entrar en la web con el mismo navegador, la cookie considerar\u00e1 que es el mismo usuario. Solo en el caso de que el usuario cambie de navegador, se considerar\u00e1 otro usuario. Caduca a los 2 a\u00f1os desde la \u00faltima actualizaci\u00f3n.<\/li>\n<li>_gat: Esta cookie se asocia con Google Analytics Universal. Se utiliza para limitar la velocidad de petici\u00f3n la limitaci\u00f3n de la recogida de datos en los sitios de alto tr\u00e1fico. Caduca a los 10 minutos.<\/li>\n<li>_utma: cookie de Google Analytics que registra la fecha de la primera y \u00faltima vez que el usuario visti\u00f3 el sitio web. Caduca a los 2 a\u00f1os desde la \u00faltima actualizaci\u00f3n.<\/li>\n<li>_utmb: cookie de Google Analytics que registra la hora de llegada a la p\u00e1gina web. Caduca a los 30 minutos desde la \u00faltima actualizaci\u00f3n.<\/li>\n<li>_utmc: cookie de Google Analytics utilizada para la interoperabilidad con el c\u00f3digo de seguimiento urchin.js. Se elimina al cerrar el navegador.<\/li>\n<li>_utmt: cookie de Google Analytics. Esta cookie se utiliza para procesar el tipo de solicitud pedida por el usuario. Caduca al finalizar la sesi\u00f3n.<\/li>\n<li>_utmv: cookie de Google Analytics. Esta cookie se utiliza para segmentar datos demogr\u00e1ficos. Caduca al finalizar la sesi\u00f3n.<\/li>\n<li>_utmz: cookie de Google Analytics que almacena la fuente de tr\u00e1fico o una campa\u00f1a para explicar c\u00f3mo el usuario lleg\u00f3 al sitio web. Caduca a los 6 meses desde la \u00faltima actualizaci\u00f3n<\/li>\n<li>c_user: Cookie Social de Facebook que registra el usuario logueado en la red social.Caduca al finalizar la sesi\u00f3n<\/li>\n<li>p:\u00a0Cookie Social de Facebook. Canal del usuario. Caduca al finalizar la sesi\u00f3n<\/li>\n<li>s:\u00a0Cookie Social de Facebook. Caduca al mes de la \u00faltima actualizaci\u00f3n<\/li>\n<li>xs: Cookie Social de Facebook que contiene el ID de sesi\u00f3n. Caduca al finalizar la sesi\u00f3n<\/li>\n<li>lu:\u00a0Cookie Social de Facebook que contiene el ID del \u00faltimo usuario. Caduca al finalizar la sesi\u00f3n.<\/li>\n<li>presence:\u00a0Cookie Social de Facebook. Estado del chat de FAcebook. Caduca al finalizar la sesi\u00f3n.<\/li>\n<li>pl:\u00a0Cookie Social de Facebook. Caduca al finalizar la sesi\u00f3n.<\/li>\n<li>act:\u00a0Cookie Social de Facebook.Contador de acciones del usuario. Caduca al finalizar la sesi\u00f3n<\/li>\n<li>locale:\u00a0Cookie Social de Facebook. Ubicaci\u00f3n del usuario. Caduca a 1 semana.<\/li>\n<li>fr:\u00a0Cookie Social de Facebook. Contiene el ID del navegador y del usuario. Caduca en 1 mes.<\/li>\n<li>datr:\u00a0Cookie Social de Facebook que contiene el ID del navegador. Caduca a los 2 a\u00f1os.<\/li>\n<li>csm:\u00a0Cookie Social de Facebook. Indicador. Caduca al finalizar la sesi\u00f3n.<\/li>\n<\/ul>\n<h5><b>REVOCACI\u00d3N DEL CONSENTIMIENTO PARA INSTALAR COOKIES <\/b><\/h5>\n<h5><b>COMO ELIMINAR LAS COOKIES DEL NAVEGADOR <\/b><\/h5>\n<h6>Google Chrome<\/h6>\n<p>1. Selecciona el icono de Herramientas<br \/>\n2. Haz clic en Configuraci\u00f3n.<br \/>\n3. Haz clic en Mostrar Opciones Avanzadas.<br \/>\n4. En la secci\u00f3n \u00abPrivacidad\u00bb haz clic en Configuraci\u00f3n de contenido. \u2022 Eliminar cookies: Haz clic en Todas las cookies y los datos de sitios\u2026 \u2022 No permitir que se almacenen cookies.<br \/>\n5. Haz clic en Eliminar datos de navegaci\u00f3n (vaciar la Cach\u00e9).<br \/>\n6. Cierra y reinicia el navegador.<\/p>\n<p>Para m\u00e1s informaci\u00f3n sobre Chrome pulse aqu\u00ed:\u00a0<a href=\"http:\/\/support.google.com\/chrome\/answer\/95647?hl=es\" target=\"_blank\" rel=\"noopener noreferrer\">http:\/\/support.google.com\/chrome\/answer\/95647?hl=es<\/a><\/p>\n<h6>Internet Explorer 11<\/h6>\n<p>1. Selecciona Herramientas | Opciones de Internet.<br \/>\n2. Haz clic en la ficha General.<br \/>\n3. En la secci\u00f3n \u00abHistorial de exploraci\u00f3n\u00bb, haz clic en Eliminar el historial de exploraci\u00f3n al salir.<br \/>\n4. Seleccionar Eliminar archivos.<br \/>\n5. Seleccionar Eliminar cookies.<br \/>\n6. Haz clic en Eliminar.<br \/>\n7. Haz clic en Aceptar.<br \/>\n8. Cierra y reinicia el navegador.<\/p>\n<p>Para m\u00e1s informaci\u00f3n sobre Internet Explorer pulse aqu\u00ed:<a href=\"Para m\u00e1s informaci\u00f3n sobre Internet Explorer pulse aqu\u00ed: http:\/windows.microsoft.com\/es-419\/windows7\/how-to-manage-cookies-in-internet-explorer-9\" target=\"_blank\" rel=\"noopener noreferrer\"> http:\/\/windows.microsoft.com\/es-419\/windows7\/how-to-manage-cookies-in-internet-explorer-9<\/a><\/p>\n<h6>Mozilla Firefox<\/h6>\n<p>1. Selecciona Firefox | Historial | Limpiar el historial reciente.<br \/>\n2. Al lado de \u00abDetalles\u00bb, haz clic en la flecha hacia abajo.<br \/>\n3. Selecciona las siguientes casillas de verificaci\u00f3n: Cookies, Cach\u00e9, Inicios de sesi\u00f3n activos<br \/>\n4. Usando el \u00abIntervalo de tiempo para borrar\u00bb en el men\u00fa desplegable, selecciona Todo.<br \/>\n5. Haz clic en Borrar ahora.<br \/>\n6. Cierra y reinicia el navegador.<\/p>\n<p>Puede aceptar o rechazar las cookies individualmente en las Preferencias de Firefox, en la secci\u00f3n Historial disponible en Herramientas &gt; Opciones &gt; Privacidad.<\/p>\n<p>Para m\u00e1s informaci\u00f3n sobre Mozilla Firefox pulse aqu\u00ed:\u00a0<a href=\"https:\/\/www.mozilla.org\/es-ES\/privacy\/websites\/#cookies\" target=\"_blank\" rel=\"noopener noreferrer\">https:\/\/www.mozilla.org\/es-ES\/privacy\/websites\/#cookies<\/a><\/p>\n<h6>Safari<\/h6>\n<p>1. Selecciona el icono de Safari \/ Editar | Restaurar Safari.<br \/>\n2. Selecciona las siguientes casillas de verificaci\u00f3n: Borrar el historial, Eliminar todos los datos de sitio web<br \/>\n3. Haz clic en Restablecer.<br \/>\n4. Cierra y reinicia el navegador<\/p>\n<p>Para m\u00e1s informaci\u00f3n sobre Safari pulse aqu\u00ed:<a href=\"http:\/\/support.apple.com\/kb\/PH5042\" target=\"_blank\" rel=\"noopener noreferrer\"> http:\/\/support.apple.com\/kb\/PH5042<\/a><\/p>\n<h6>Opera<\/h6>\n<p>Opciones &#8211; Avanzado &#8211; Cookies.<br \/>\nLas opciones de cookies controlan el modo en que Opera los maneja y por lo tanto su aceptaci\u00f3n o rechazo.<\/p>\n<p>Para m\u00e1s informaci\u00f3n sobre \u00d3pera pulse aqu\u00ed:<a href=\"http:\/\/help.opera.com\/Linux\/10.60\/es-ES\/cookies.html\" target=\"_blank\" rel=\"noopener noreferrer\"> http:\/\/help.opera.com\/Linux\/10.60\/es-ES\/cookies.html<\/a><\/p>\n<h6>Otros Navegadores<\/h6>\n<p>Consulte la documentaci\u00f3n del navegador que tenga instalado.<\/p>\n","protected":false},"excerpt":{"rendered":"<p>1. INFORMACI\u00d3N AL USUARIO Responsable del tratamiento : Identidad: DISSENY LED &#038; INSTAL\u00b7LACIONS, S.L. NIF: B55748511 Dir. postal: Av. Catalunya, 159, 43896 l\u2019ALDEA (TARRAGONA) Tel\u00e9fono:\u00a0 678 757 639 Correo electr\u00f3nico: info@jospec.com DISSENY LED &#038; INSTAL\u00b7LACIONS, S.L., en adelante RESPONSABLE, es el Responsable del tratamiento de los datos\u00a0personales del Usuario y le informa que estos datos &hellip;<\/p>\n","protected":false},"author":1,"featured_media":0,"parent":0,"menu_order":0,"comment_status":"closed","ping_status":"closed","template":"","meta":{"_mi_skip_tracking":false},"yoast_head":"<!-- This site is optimized with the Yoast SEO plugin v19.0 - https:\/\/yoast.com\/wordpress\/plugins\/seo\/ -->\n<title>Pol\u00edtica de Privacidad y Cookies - JOSPEC Instal\u00b7lacions<\/title>\n<meta name=\"robots\" content=\"noindex, nofollow\" \/>\n<meta property=\"og:locale\" content=\"es_ES\" \/>\n<meta property=\"og:type\" content=\"article\" \/>\n<meta property=\"og:title\" content=\"Pol\u00edtica de Privacidad y Cookies - JOSPEC Instal\u00b7lacions\" \/>\n<meta property=\"og:description\" content=\"1. INFORMACI\u00d3N AL USUARIO Responsable del tratamiento : Identidad: DISSENY LED &#038; INSTAL\u00b7LACIONS, S.L. NIF: B55748511 Dir. postal: Av. Catalunya, 159, 43896 l\u2019ALDEA (TARRAGONA) Tel\u00e9fono:\u00a0 678 757 639 Correo electr\u00f3nico: info@jospec.com DISSENY LED &#038; INSTAL\u00b7LACIONS, S.L., en adelante RESPONSABLE, es el Responsable del tratamiento de los datos\u00a0personales del Usuario y le informa que estos datos &hellip;\" \/>\n<meta property=\"og:url\" content=\"https:\/\/jospec.com\/es\/politica-de-privacidad-y-cookies\/\" \/>\n<meta property=\"og:site_name\" content=\"JOSPEC Instal\u00b7lacions\" \/>\n<meta property=\"article:modified_time\" content=\"2019-04-01T14:53:12+00:00\" \/>\n<meta name=\"twitter:card\" content=\"summary\" \/>\n<meta name=\"twitter:label1\" content=\"Tiempo de lectura\" \/>\n\t<meta name=\"twitter:data1\" content=\"11 minutos\" \/>\n<script type=\"application\/ld+json\" class=\"yoast-schema-graph\">{\"@context\":\"https:\/\/schema.org\",\"@graph\":[{\"@type\":\"Organization\",\"@id\":\"https:\/\/jospec.com\/#organization\",\"name\":\"Jospec Instal\u00b7lacions\",\"url\":\"https:\/\/jospec.com\/\",\"sameAs\":[],\"logo\":{\"@type\":\"ImageObject\",\"inLanguage\":\"es\",\"@id\":\"https:\/\/jospec.com\/#\/schema\/logo\/image\/\",\"url\":\"https:\/\/jospec.com\/wp-content\/uploads\/2016\/11\/logo_jospec.png\",\"contentUrl\":\"https:\/\/jospec.com\/wp-content\/uploads\/2016\/11\/logo_jospec.png\",\"width\":1042,\"height\":1130,\"caption\":\"Jospec Instal\u00b7lacions\"},\"image\":{\"@id\":\"https:\/\/jospec.com\/#\/schema\/logo\/image\/\"}},{\"@type\":\"WebSite\",\"@id\":\"https:\/\/jospec.com\/#website\",\"url\":\"https:\/\/jospec.com\/\",\"name\":\"JOSPEC Instal\u00b7lacions\",\"description\":\"Altre lloc gestionat amb el WordPress\",\"publisher\":{\"@id\":\"https:\/\/jospec.com\/#organization\"},\"potentialAction\":[{\"@type\":\"SearchAction\",\"target\":{\"@type\":\"EntryPoint\",\"urlTemplate\":\"https:\/\/jospec.com\/?s={search_term_string}\"},\"query-input\":\"required name=search_term_string\"}],\"inLanguage\":\"es\"},{\"@type\":\"WebPage\",\"@id\":\"https:\/\/jospec.com\/es\/politica-de-privacidad-y-cookies\/#webpage\",\"url\":\"https:\/\/jospec.com\/es\/politica-de-privacidad-y-cookies\/\",\"name\":\"Pol\u00edtica de Privacidad y Cookies - JOSPEC Instal\u00b7lacions\",\"isPartOf\":{\"@id\":\"https:\/\/jospec.com\/#website\"},\"datePublished\":\"2018-05-23T15:47:23+00:00\",\"dateModified\":\"2019-04-01T14:53:12+00:00\",\"breadcrumb\":{\"@id\":\"https:\/\/jospec.com\/es\/politica-de-privacidad-y-cookies\/#breadcrumb\"},\"inLanguage\":\"es\",\"potentialAction\":[{\"@type\":\"ReadAction\",\"target\":[\"https:\/\/jospec.com\/es\/politica-de-privacidad-y-cookies\/\"]}]},{\"@type\":\"BreadcrumbList\",\"@id\":\"https:\/\/jospec.com\/es\/politica-de-privacidad-y-cookies\/#breadcrumb\",\"itemListElement\":[{\"@type\":\"ListItem\",\"position\":1,\"name\":\"Inici\",\"item\":\"https:\/\/jospec.com\/es\/\"},{\"@type\":\"ListItem\",\"position\":2,\"name\":\"Pol\u00edtica de Privacidad y Cookies\"}]}]}<\/script>\n<!-- \/ Yoast SEO plugin. -->","yoast_head_json":{"title":"Pol\u00edtica de Privacidad y Cookies - JOSPEC Instal\u00b7lacions","robots":{"index":"noindex","follow":"nofollow"},"og_locale":"es_ES","og_type":"article","og_title":"Pol\u00edtica de Privacidad y Cookies - JOSPEC Instal\u00b7lacions","og_description":"1. INFORMACI\u00d3N AL USUARIO Responsable del tratamiento : Identidad: DISSENY LED &#038; INSTAL\u00b7LACIONS, S.L. NIF: B55748511 Dir. postal: Av. Catalunya, 159, 43896 l\u2019ALDEA (TARRAGONA) Tel\u00e9fono:\u00a0 678 757 639 Correo electr\u00f3nico: info@jospec.com DISSENY LED &#038; INSTAL\u00b7LACIONS, S.L., en adelante RESPONSABLE, es el Responsable del tratamiento de los datos\u00a0personales del Usuario y le informa que estos datos &hellip;","og_url":"https:\/\/jospec.com\/es\/politica-de-privacidad-y-cookies\/","og_site_name":"JOSPEC Instal\u00b7lacions","article_modified_time":"2019-04-01T14:53:12+00:00","twitter_card":"summary","twitter_misc":{"Tiempo de lectura":"11 minutos"},"schema":{"@context":"https:\/\/schema.org","@graph":[{"@type":"Organization","@id":"https:\/\/jospec.com\/#organization","name":"Jospec Instal\u00b7lacions","url":"https:\/\/jospec.com\/","sameAs":[],"logo":{"@type":"ImageObject","inLanguage":"es","@id":"https:\/\/jospec.com\/#\/schema\/logo\/image\/","url":"https:\/\/jospec.com\/wp-content\/uploads\/2016\/11\/logo_jospec.png","contentUrl":"https:\/\/jospec.com\/wp-content\/uploads\/2016\/11\/logo_jospec.png","width":1042,"height":1130,"caption":"Jospec Instal\u00b7lacions"},"image":{"@id":"https:\/\/jospec.com\/#\/schema\/logo\/image\/"}},{"@type":"WebSite","@id":"https:\/\/jospec.com\/#website","url":"https:\/\/jospec.com\/","name":"JOSPEC Instal\u00b7lacions","description":"Altre lloc gestionat amb el WordPress","publisher":{"@id":"https:\/\/jospec.com\/#organization"},"potentialAction":[{"@type":"SearchAction","target":{"@type":"EntryPoint","urlTemplate":"https:\/\/jospec.com\/?s={search_term_string}"},"query-input":"required name=search_term_string"}],"inLanguage":"es"},{"@type":"WebPage","@id":"https:\/\/jospec.com\/es\/politica-de-privacidad-y-cookies\/#webpage","url":"https:\/\/jospec.com\/es\/politica-de-privacidad-y-cookies\/","name":"Pol\u00edtica de Privacidad y Cookies - JOSPEC Instal\u00b7lacions","isPartOf":{"@id":"https:\/\/jospec.com\/#website"},"datePublished":"2018-05-23T15:47:23+00:00","dateModified":"2019-04-01T14:53:12+00:00","breadcrumb":{"@id":"https:\/\/jospec.com\/es\/politica-de-privacidad-y-cookies\/#breadcrumb"},"inLanguage":"es","potentialAction":[{"@type":"ReadAction","target":["https:\/\/jospec.com\/es\/politica-de-privacidad-y-cookies\/"]}]},{"@type":"BreadcrumbList","@id":"https:\/\/jospec.com\/es\/politica-de-privacidad-y-cookies\/#breadcrumb","itemListElement":[{"@type":"ListItem","position":1,"name":"Inici","item":"https:\/\/jospec.com\/es\/"},{"@type":"ListItem","position":2,"name":"Pol\u00edtica de Privacidad y Cookies"}]}]}},"_links":{"self":[{"href":"https:\/\/jospec.com\/es\/wp-json\/wp\/v2\/pages\/3151"}],"collection":[{"href":"https:\/\/jospec.com\/es\/wp-json\/wp\/v2\/pages"}],"about":[{"href":"https:\/\/jospec.com\/es\/wp-json\/wp\/v2\/types\/page"}],"author":[{"embeddable":true,"href":"https:\/\/jospec.com\/es\/wp-json\/wp\/v2\/users\/1"}],"replies":[{"embeddable":true,"href":"https:\/\/jospec.com\/es\/wp-json\/wp\/v2\/comments?post=3151"}],"version-history":[{"count":0,"href":"https:\/\/jospec.com\/es\/wp-json\/wp\/v2\/pages\/3151\/revisions"}],"wp:attachment":[{"href":"https:\/\/jospec.com\/es\/wp-json\/wp\/v2\/media?parent=3151"}],"curies":[{"name":"wp","href":"https:\/\/api.w.org\/{rel}","templated":true}]}}