{"id":3044,"date":"2017-05-26T07:29:02","date_gmt":"2017-05-26T07:29:02","guid":{"rendered":"http:\/\/jospec.com\/servicios\/fontaneria\/"},"modified":"2022-11-10T12:12:41","modified_gmt":"2022-11-10T12:12:41","slug":"fontaneria","status":"publish","type":"page","link":"https:\/\/jospec.com\/es\/servicios\/fontaneria\/","title":{"rendered":"Fontaner\u00eda"},"content":{"rendered":"<div id=\"pl-3044\"  class=\"panel-layout\" ><div id=\"pg-3044-0\"  class=\"panel-grid panel-no-style\" ><div id=\"pgc-3044-0-0\"  class=\"panel-grid-cell\" ><div id=\"panel-3044-0-0-0\" class=\"so-panel widget widget_black-studio-tinymce widget_black_studio_tinymce panel-first-child panel-last-child\" data-index=\"0\" ><div class=\"textwidget\"><p>Dentro de las instalaciones de Fontaner\u00eda podemos determinar como servicios m\u00e1s destacados, la instalaci\u00f3n de tubos de agua por abastecimiento de agua y\u00a0 la evacuaci\u00f3n de aguas residuales, entre otros muchos servicios como pueden ser:<\/p>\n<ul>\n<li>Grifer\u00eda<\/li>\n<li>Accesorios de ba\u00f1o<\/li>\n<li>Mamparas<\/li>\n<li>Muebles de ba\u00f1o y lavabos<\/li>\n<li>Inodoros<\/li>\n<li>Bid\u00e9s<\/li>\n<li>Platos de ducha de\u00a0porcelana, fibra y resina<\/li>\n<li>Ba\u00f1eras de hierro y fibra<\/li>\n<li>Ba\u00f1eras\u00a0Hidromasaje<\/li>\n<li>Columnas<\/li>\n<li>Columnas\u00a0Hidromasaje<\/li>\n<li>Desatasco de\u00a0desag\u00fce con m\u00e1quina a presi\u00f3n, etc...<\/li>\n<li>Termos<\/li>\n<li>Descalcificadores<\/li>\n<\/ul>\n<p>De cada uno de estos complementos, disponemos de una ampl\u00eda gama de productos y marcas, con las mejores garant\u00edas y adaptaci\u00f3n a cada caso concreto, ya sea por espacio o necesidad de nuestros clientes...<\/p>\n<\/div><\/div><\/div><div id=\"pgc-3044-0-1\"  class=\"panel-grid-cell\" ><div id=\"panel-3044-0-1-0\" class=\"so-panel widget widget_media_gallery panel-first-child panel-last-child\" data-index=\"1\" ><div id='gallery-1' class='gallery galleryid-0 gallery-columns-3 gallery-size-thumbnail'><figure class='gallery-item'>\n\t\t\t<div class='gallery-icon landscape'>\n\t\t\t\t<a href='https:\/\/jospec.com\/wp-content\/uploads\/2022\/11\/bany.jpeg'><img width=\"150\" height=\"150\" src=\"https:\/\/jospec.com\/wp-content\/uploads\/2022\/11\/bany-150x150.jpeg\" class=\"attachment-thumbnail size-thumbnail\" alt=\"\" loading=\"lazy\" srcset=\"https:\/\/jospec.com\/wp-content\/uploads\/2022\/11\/bany-150x150.jpeg 150w, https:\/\/jospec.com\/wp-content\/uploads\/2022\/11\/bany-300x300.jpeg 300w, https:\/\/jospec.com\/wp-content\/uploads\/2022\/11\/bany-100x100.jpeg 100w\" sizes=\"(max-width: 150px) 100vw, 150px\" \/><\/a>\n\t\t\t<\/div><\/figure><figure class='gallery-item'>\n\t\t\t<div class='gallery-icon landscape'>\n\t\t\t\t<a href='https:\/\/jospec.com\/wp-content\/uploads\/2022\/11\/banys.jpeg'><img width=\"150\" height=\"150\" src=\"https:\/\/jospec.com\/wp-content\/uploads\/2022\/11\/banys-150x150.jpeg\" class=\"attachment-thumbnail size-thumbnail\" alt=\"\" loading=\"lazy\" srcset=\"https:\/\/jospec.com\/wp-content\/uploads\/2022\/11\/banys-150x150.jpeg 150w, https:\/\/jospec.com\/wp-content\/uploads\/2022\/11\/banys-300x300.jpeg 300w, https:\/\/jospec.com\/wp-content\/uploads\/2022\/11\/banys-100x100.jpeg 100w\" sizes=\"(max-width: 150px) 100vw, 150px\" \/><\/a>\n\t\t\t<\/div><\/figure><figure class='gallery-item'>\n\t\t\t<div class='gallery-icon landscape'>\n\t\t\t\t<a href='https:\/\/jospec.com\/wp-content\/uploads\/2022\/11\/mobles-bany.jpeg'><img width=\"150\" height=\"150\" src=\"https:\/\/jospec.com\/wp-content\/uploads\/2022\/11\/mobles-bany-150x150.jpeg\" class=\"attachment-thumbnail size-thumbnail\" alt=\"\" loading=\"lazy\" srcset=\"https:\/\/jospec.com\/wp-content\/uploads\/2022\/11\/mobles-bany-150x150.jpeg 150w, https:\/\/jospec.com\/wp-content\/uploads\/2022\/11\/mobles-bany-300x300.jpeg 300w, https:\/\/jospec.com\/wp-content\/uploads\/2022\/11\/mobles-bany-100x100.jpeg 100w\" sizes=\"(max-width: 150px) 100vw, 150px\" \/><\/a>\n\t\t\t<\/div><\/figure><figure class='gallery-item'>\n\t\t\t<div class='gallery-icon portrait'>\n\t\t\t\t<a href='https:\/\/jospec.com\/wp-content\/uploads\/2022\/11\/aseo.jpeg'><img width=\"150\" height=\"150\" src=\"https:\/\/jospec.com\/wp-content\/uploads\/2022\/11\/aseo-150x150.jpeg\" class=\"attachment-thumbnail size-thumbnail\" alt=\"\" loading=\"lazy\" srcset=\"https:\/\/jospec.com\/wp-content\/uploads\/2022\/11\/aseo-150x150.jpeg 150w, https:\/\/jospec.com\/wp-content\/uploads\/2022\/11\/aseo-300x300.jpeg 300w, https:\/\/jospec.com\/wp-content\/uploads\/2022\/11\/aseo-100x100.jpeg 100w\" sizes=\"(max-width: 150px) 100vw, 150px\" \/><\/a>\n\t\t\t<\/div><\/figure><figure class='gallery-item'>\n\t\t\t<div class='gallery-icon portrait'>\n\t\t\t\t<a href='https:\/\/jospec.com\/wp-content\/uploads\/2022\/11\/moble-aseo.jpeg'><img width=\"150\" height=\"150\" src=\"https:\/\/jospec.com\/wp-content\/uploads\/2022\/11\/moble-aseo-150x150.jpeg\" class=\"attachment-thumbnail size-thumbnail\" alt=\"\" loading=\"lazy\" srcset=\"https:\/\/jospec.com\/wp-content\/uploads\/2022\/11\/moble-aseo-150x150.jpeg 150w, https:\/\/jospec.com\/wp-content\/uploads\/2022\/11\/moble-aseo-300x300.jpeg 300w, https:\/\/jospec.com\/wp-content\/uploads\/2022\/11\/moble-aseo-100x100.jpeg 100w\" sizes=\"(max-width: 150px) 100vw, 150px\" \/><\/a>\n\t\t\t<\/div><\/figure><figure class='gallery-item'>\n\t\t\t<div class='gallery-icon portrait'>\n\t\t\t\t<a href='https:\/\/jospec.com\/wp-content\/uploads\/2022\/11\/ruixador.jpeg'><img width=\"150\" height=\"150\" src=\"https:\/\/jospec.com\/wp-content\/uploads\/2022\/11\/ruixador-150x150.jpeg\" class=\"attachment-thumbnail size-thumbnail\" alt=\"\" loading=\"lazy\" srcset=\"https:\/\/jospec.com\/wp-content\/uploads\/2022\/11\/ruixador-150x150.jpeg 150w, https:\/\/jospec.com\/wp-content\/uploads\/2022\/11\/ruixador-300x300.jpeg 300w, https:\/\/jospec.com\/wp-content\/uploads\/2022\/11\/ruixador-100x100.jpeg 100w\" sizes=\"(max-width: 150px) 100vw, 150px\" \/><\/a>\n\t\t\t<\/div><\/figure><figure class='gallery-item'>\n\t\t\t<div class='gallery-icon landscape'>\n\t\t\t\t<a href='https:\/\/jospec.com\/wp-content\/uploads\/2022\/11\/espill-retroilluminat.jpeg'><img width=\"150\" height=\"150\" src=\"https:\/\/jospec.com\/wp-content\/uploads\/2022\/11\/espill-retroilluminat-150x150.jpeg\" class=\"attachment-thumbnail size-thumbnail\" alt=\"\" loading=\"lazy\" srcset=\"https:\/\/jospec.com\/wp-content\/uploads\/2022\/11\/espill-retroilluminat-150x150.jpeg 150w, https:\/\/jospec.com\/wp-content\/uploads\/2022\/11\/espill-retroilluminat-300x300.jpeg 300w, https:\/\/jospec.com\/wp-content\/uploads\/2022\/11\/espill-retroilluminat-100x100.jpeg 100w\" sizes=\"(max-width: 150px) 100vw, 150px\" \/><\/a>\n\t\t\t<\/div><\/figure><figure class='gallery-item'>\n\t\t\t<div class='gallery-icon portrait'>\n\t\t\t\t<a href='https:\/\/jospec.com\/wp-content\/uploads\/2022\/11\/dutxa.jpeg'><img width=\"150\" height=\"150\" src=\"https:\/\/jospec.com\/wp-content\/uploads\/2022\/11\/dutxa-150x150.jpeg\" class=\"attachment-thumbnail size-thumbnail\" alt=\"\" loading=\"lazy\" srcset=\"https:\/\/jospec.com\/wp-content\/uploads\/2022\/11\/dutxa-150x150.jpeg 150w, https:\/\/jospec.com\/wp-content\/uploads\/2022\/11\/dutxa-300x300.jpeg 300w, https:\/\/jospec.com\/wp-content\/uploads\/2022\/11\/dutxa-100x100.jpeg 100w\" sizes=\"(max-width: 150px) 100vw, 150px\" \/><\/a>\n\t\t\t<\/div><\/figure><figure class='gallery-item'>\n\t\t\t<div class='gallery-icon landscape'>\n\t\t\t\t<a href='https:\/\/jospec.com\/wp-content\/uploads\/2020\/07\/CASA-ALDEA-1.jpeg'><img width=\"150\" height=\"150\" src=\"https:\/\/jospec.com\/wp-content\/uploads\/2020\/07\/CASA-ALDEA-1-150x150.jpeg\" class=\"attachment-thumbnail size-thumbnail\" alt=\"\" loading=\"lazy\" srcset=\"https:\/\/jospec.com\/wp-content\/uploads\/2020\/07\/CASA-ALDEA-1-150x150.jpeg 150w, https:\/\/jospec.com\/wp-content\/uploads\/2020\/07\/CASA-ALDEA-1-300x300.jpeg 300w, https:\/\/jospec.com\/wp-content\/uploads\/2020\/07\/CASA-ALDEA-1-100x100.jpeg 100w\" sizes=\"(max-width: 150px) 100vw, 150px\" \/><\/a>\n\t\t\t<\/div><\/figure><figure class='gallery-item'>\n\t\t\t<div class='gallery-icon portrait'>\n\t\t\t\t<a href='https:\/\/jospec.com\/wp-content\/uploads\/2022\/11\/moble-bany-1.jpeg'><img width=\"150\" height=\"150\" src=\"https:\/\/jospec.com\/wp-content\/uploads\/2022\/11\/moble-bany-1-150x150.jpeg\" class=\"attachment-thumbnail size-thumbnail\" alt=\"\" loading=\"lazy\" srcset=\"https:\/\/jospec.com\/wp-content\/uploads\/2022\/11\/moble-bany-1-150x150.jpeg 150w, https:\/\/jospec.com\/wp-content\/uploads\/2022\/11\/moble-bany-1-300x300.jpeg 300w, https:\/\/jospec.com\/wp-content\/uploads\/2022\/11\/moble-bany-1-100x100.jpeg 100w\" sizes=\"(max-width: 150px) 100vw, 150px\" \/><\/a>\n\t\t\t<\/div><\/figure><figure class='gallery-item'>\n\t\t\t<div class='gallery-icon landscape'>\n\t\t\t\t<a href='https:\/\/jospec.com\/wp-content\/uploads\/2022\/11\/espill-1.jpeg'><img width=\"150\" height=\"150\" src=\"https:\/\/jospec.com\/wp-content\/uploads\/2022\/11\/espill-1-150x150.jpeg\" class=\"attachment-thumbnail size-thumbnail\" alt=\"\" loading=\"lazy\" srcset=\"https:\/\/jospec.com\/wp-content\/uploads\/2022\/11\/espill-1-150x150.jpeg 150w, https:\/\/jospec.com\/wp-content\/uploads\/2022\/11\/espill-1-300x300.jpeg 300w, https:\/\/jospec.com\/wp-content\/uploads\/2022\/11\/espill-1-100x100.jpeg 100w\" sizes=\"(max-width: 150px) 100vw, 150px\" \/><\/a>\n\t\t\t<\/div><\/figure><figure class='gallery-item'>\n\t\t\t<div class='gallery-icon portrait'>\n\t\t\t\t<a href='https:\/\/jospec.com\/wp-content\/uploads\/2022\/11\/aixetes-1.jpeg'><img width=\"150\" height=\"150\" src=\"https:\/\/jospec.com\/wp-content\/uploads\/2022\/11\/aixetes-1-150x150.jpeg\" class=\"attachment-thumbnail size-thumbnail\" alt=\"\" loading=\"lazy\" srcset=\"https:\/\/jospec.com\/wp-content\/uploads\/2022\/11\/aixetes-1-150x150.jpeg 150w, https:\/\/jospec.com\/wp-content\/uploads\/2022\/11\/aixetes-1-300x300.jpeg 300w, https:\/\/jospec.com\/wp-content\/uploads\/2022\/11\/aixetes-1-100x100.jpeg 100w\" sizes=\"(max-width: 150px) 100vw, 150px\" \/><\/a>\n\t\t\t<\/div><\/figure><figure class='gallery-item'>\n\t\t\t<div class='gallery-icon portrait'>\n\t\t\t\t<a href='https:\/\/jospec.com\/wp-content\/uploads\/2022\/11\/aixeta-dorada.jpeg'><img width=\"150\" height=\"150\" src=\"https:\/\/jospec.com\/wp-content\/uploads\/2022\/11\/aixeta-dorada-150x150.jpeg\" class=\"attachment-thumbnail size-thumbnail\" alt=\"\" loading=\"lazy\" srcset=\"https:\/\/jospec.com\/wp-content\/uploads\/2022\/11\/aixeta-dorada-150x150.jpeg 150w, https:\/\/jospec.com\/wp-content\/uploads\/2022\/11\/aixeta-dorada-300x300.jpeg 300w, https:\/\/jospec.com\/wp-content\/uploads\/2022\/11\/aixeta-dorada-100x100.jpeg 100w\" sizes=\"(max-width: 150px) 100vw, 150px\" \/><\/a>\n\t\t\t<\/div><\/figure><figure class='gallery-item'>\n\t\t\t<div class='gallery-icon landscape'>\n\t\t\t\t<a href='https:\/\/jospec.com\/wp-content\/uploads\/2020\/07\/ASEO.jpg'><img width=\"150\" height=\"150\" src=\"https:\/\/jospec.com\/wp-content\/uploads\/2020\/07\/ASEO-150x150.jpg\" class=\"attachment-thumbnail size-thumbnail\" alt=\"\" loading=\"lazy\" srcset=\"https:\/\/jospec.com\/wp-content\/uploads\/2020\/07\/ASEO-150x150.jpg 150w, https:\/\/jospec.com\/wp-content\/uploads\/2020\/07\/ASEO-300x300.jpg 300w, https:\/\/jospec.com\/wp-content\/uploads\/2020\/07\/ASEO-100x100.jpg 100w\" sizes=\"(max-width: 150px) 100vw, 150px\" \/><\/a>\n\t\t\t<\/div><\/figure><figure class='gallery-item'>\n\t\t\t<div class='gallery-icon landscape'>\n\t\t\t\t<a href='https:\/\/jospec.com\/wp-content\/uploads\/2018\/05\/modern-minimalist-bathroom-3115450_1280.jpg'><img width=\"150\" height=\"150\" src=\"https:\/\/jospec.com\/wp-content\/uploads\/2018\/05\/modern-minimalist-bathroom-3115450_1280-150x150.jpg\" class=\"attachment-thumbnail size-thumbnail\" alt=\"\" loading=\"lazy\" srcset=\"https:\/\/jospec.com\/wp-content\/uploads\/2018\/05\/modern-minimalist-bathroom-3115450_1280-150x150.jpg 150w, https:\/\/jospec.com\/wp-content\/uploads\/2018\/05\/modern-minimalist-bathroom-3115450_1280-300x300.jpg 300w, https:\/\/jospec.com\/wp-content\/uploads\/2018\/05\/modern-minimalist-bathroom-3115450_1280-100x100.jpg 100w\" sizes=\"(max-width: 150px) 100vw, 150px\" \/><\/a>\n\t\t\t<\/div><\/figure><figure class='gallery-item'>\n\t\t\t<div class='gallery-icon landscape'>\n\t\t\t\t<a href='https:\/\/jospec.com\/wp-content\/uploads\/2018\/05\/bathtub-2485957_1920.jpg'><img width=\"150\" height=\"150\" src=\"https:\/\/jospec.com\/wp-content\/uploads\/2018\/05\/bathtub-2485957_1920-150x150.jpg\" class=\"attachment-thumbnail size-thumbnail\" alt=\"\" loading=\"lazy\" srcset=\"https:\/\/jospec.com\/wp-content\/uploads\/2018\/05\/bathtub-2485957_1920-150x150.jpg 150w, https:\/\/jospec.com\/wp-content\/uploads\/2018\/05\/bathtub-2485957_1920-300x300.jpg 300w, https:\/\/jospec.com\/wp-content\/uploads\/2018\/05\/bathtub-2485957_1920-100x100.jpg 100w\" sizes=\"(max-width: 150px) 100vw, 150px\" \/><\/a>\n\t\t\t<\/div><\/figure><figure class='gallery-item'>\n\t\t\t<div class='gallery-icon landscape'>\n\t\t\t\t<a href='https:\/\/jospec.com\/wp-content\/uploads\/2019\/09\/bany.jpg'><img width=\"150\" height=\"150\" src=\"https:\/\/jospec.com\/wp-content\/uploads\/2019\/09\/bany-150x150.jpg\" class=\"attachment-thumbnail size-thumbnail\" alt=\"\" loading=\"lazy\" srcset=\"https:\/\/jospec.com\/wp-content\/uploads\/2019\/09\/bany-150x150.jpg 150w, https:\/\/jospec.com\/wp-content\/uploads\/2019\/09\/bany-300x300.jpg 300w, https:\/\/jospec.com\/wp-content\/uploads\/2019\/09\/bany-768x768.jpg 768w, https:\/\/jospec.com\/wp-content\/uploads\/2019\/09\/bany-555x555.jpg 555w, https:\/\/jospec.com\/wp-content\/uploads\/2019\/09\/bany.jpg 960w\" sizes=\"(max-width: 150px) 100vw, 150px\" \/><\/a>\n\t\t\t<\/div><\/figure><figure class='gallery-item'>\n\t\t\t<div class='gallery-icon landscape'>\n\t\t\t\t<a href='https:\/\/jospec.com\/wp-content\/uploads\/2019\/09\/bany-2.jpg'><img width=\"150\" height=\"150\" src=\"https:\/\/jospec.com\/wp-content\/uploads\/2019\/09\/bany-2-150x150.jpg\" class=\"attachment-thumbnail size-thumbnail\" alt=\"\" loading=\"lazy\" \/><\/a>\n\t\t\t<\/div><\/figure><figure class='gallery-item'>\n\t\t\t<div class='gallery-icon portrait'>\n\t\t\t\t<a href='https:\/\/jospec.com\/wp-content\/uploads\/2018\/02\/hydro-kit-Toshiba-caldera.jpg'><img width=\"150\" height=\"150\" src=\"https:\/\/jospec.com\/wp-content\/uploads\/2018\/02\/hydro-kit-Toshiba-caldera-150x150.jpg\" class=\"attachment-thumbnail size-thumbnail\" alt=\"\" loading=\"lazy\" aria-describedby=\"gallery-1-4536\" srcset=\"https:\/\/jospec.com\/wp-content\/uploads\/2018\/02\/hydro-kit-Toshiba-caldera-150x150.jpg 150w, https:\/\/jospec.com\/wp-content\/uploads\/2018\/02\/hydro-kit-Toshiba-caldera-300x300.jpg 300w, https:\/\/jospec.com\/wp-content\/uploads\/2018\/02\/hydro-kit-Toshiba-caldera-100x100.jpg 100w\" sizes=\"(max-width: 150px) 100vw, 150px\" \/><\/a>\n\t\t\t<\/div>\n\t\t\t\t<figcaption class='wp-caption-text gallery-caption' id='gallery-1-4536'>\n\t\t\t\tCALDERA\n\t\t\t\t<\/figcaption><\/figure><figure class='gallery-item'>\n\t\t\t<div class='gallery-icon portrait'>\n\t\t\t\t<a href='https:\/\/jospec.com\/wp-content\/uploads\/2018\/02\/grup-pressi\u00f3.jpg'><img width=\"150\" height=\"150\" src=\"https:\/\/jospec.com\/wp-content\/uploads\/2018\/02\/grup-pressi\u00f3-150x150.jpg\" class=\"attachment-thumbnail size-thumbnail\" alt=\"\" loading=\"lazy\" aria-describedby=\"gallery-1-4535\" srcset=\"https:\/\/jospec.com\/wp-content\/uploads\/2018\/02\/grup-pressi\u00f3-150x150.jpg 150w, https:\/\/jospec.com\/wp-content\/uploads\/2018\/02\/grup-pressi\u00f3-300x300.jpg 300w, https:\/\/jospec.com\/wp-content\/uploads\/2018\/02\/grup-pressi\u00f3-100x100.jpg 100w\" sizes=\"(max-width: 150px) 100vw, 150px\" \/><\/a>\n\t\t\t<\/div>\n\t\t\t\t<figcaption class='wp-caption-text gallery-caption' id='gallery-1-4535'>\n\t\t\t\tGRUP PRESSI\u00d3\n\t\t\t\t<\/figcaption><\/figure><figure class='gallery-item'>\n\t\t\t<div class='gallery-icon landscape'>\n\t\t\t\t<a href='https:\/\/jospec.com\/wp-content\/uploads\/2018\/02\/fontaneri.jpg'><img width=\"150\" height=\"150\" src=\"https:\/\/jospec.com\/wp-content\/uploads\/2018\/02\/fontaneri-150x150.jpg\" class=\"attachment-thumbnail size-thumbnail\" alt=\"\" loading=\"lazy\" aria-describedby=\"gallery-1-4534\" srcset=\"https:\/\/jospec.com\/wp-content\/uploads\/2018\/02\/fontaneri-150x150.jpg 150w, https:\/\/jospec.com\/wp-content\/uploads\/2018\/02\/fontaneri-300x300.jpg 300w, https:\/\/jospec.com\/wp-content\/uploads\/2018\/02\/fontaneri-100x100.jpg 100w\" sizes=\"(max-width: 150px) 100vw, 150px\" \/><\/a>\n\t\t\t<\/div>\n\t\t\t\t<figcaption class='wp-caption-text gallery-caption' id='gallery-1-4534'>\n\t\t\t\tMAMPARA I COLUMNA \n\t\t\t\t<\/figcaption><\/figure>\n\t\t<\/div>\n<\/div><\/div><\/div><\/div>","protected":false},"excerpt":{"rendered":"<p>Instalaci\u00f3n tubos de agua y aire, grifer\u00eda, accesorios de ba\u00f1o, mamparas&#8230;<\/p>\n","protected":false},"author":1,"featured_media":9274,"parent":3011,"menu_order":0,"comment_status":"closed","ping_status":"closed","template":"","meta":{"_mi_skip_tracking":false},"yoast_head":"<!-- This site is optimized with the Yoast SEO plugin v19.0 - https:\/\/yoast.com\/wordpress\/plugins\/seo\/ -->\n<title>Fontaner\u00eda - JOSPEC Instal\u00b7lacions<\/title>\n<meta name=\"robots\" content=\"index, follow, max-snippet:-1, max-image-preview:large, max-video-preview:-1\" \/>\n<link rel=\"canonical\" href=\"https:\/\/jospec.com\/es\/servicios\/fontaneria\/\" \/>\n<meta property=\"og:locale\" content=\"es_ES\" \/>\n<meta property=\"og:type\" content=\"article\" \/>\n<meta property=\"og:title\" content=\"Fontaner\u00eda - JOSPEC Instal\u00b7lacions\" \/>\n<meta property=\"og:description\" content=\"Instalaci\u00f3n tubos de agua y aire, grifer\u00eda, accesorios de ba\u00f1o, mamparas...\" \/>\n<meta property=\"og:url\" content=\"https:\/\/jospec.com\/es\/servicios\/fontaneria\/\" \/>\n<meta property=\"og:site_name\" content=\"JOSPEC Instal\u00b7lacions\" \/>\n<meta property=\"article:modified_time\" content=\"2022-11-10T12:12:41+00:00\" \/>\n<meta property=\"og:image\" content=\"https:\/\/jospec.com\/wp-content\/uploads\/2020\/07\/ASEO.jpg\" \/>\n\t<meta property=\"og:image:width\" content=\"1200\" \/>\n\t<meta property=\"og:image:height\" content=\"868\" \/>\n\t<meta property=\"og:image:type\" content=\"image\/jpeg\" \/>\n<meta name=\"twitter:card\" content=\"summary\" \/>\n<meta name=\"twitter:label1\" content=\"Tiempo de lectura\" \/>\n\t<meta name=\"twitter:data1\" content=\"1 minuto\" \/>\n<script type=\"application\/ld+json\" class=\"yoast-schema-graph\">{\"@context\":\"https:\/\/schema.org\",\"@graph\":[{\"@type\":\"Organization\",\"@id\":\"https:\/\/jospec.com\/#organization\",\"name\":\"Jospec Instal\u00b7lacions\",\"url\":\"https:\/\/jospec.com\/\",\"sameAs\":[],\"logo\":{\"@type\":\"ImageObject\",\"inLanguage\":\"es\",\"@id\":\"https:\/\/jospec.com\/#\/schema\/logo\/image\/\",\"url\":\"https:\/\/jospec.com\/wp-content\/uploads\/2016\/11\/logo_jospec.png\",\"contentUrl\":\"https:\/\/jospec.com\/wp-content\/uploads\/2016\/11\/logo_jospec.png\",\"width\":1042,\"height\":1130,\"caption\":\"Jospec Instal\u00b7lacions\"},\"image\":{\"@id\":\"https:\/\/jospec.com\/#\/schema\/logo\/image\/\"}},{\"@type\":\"WebSite\",\"@id\":\"https:\/\/jospec.com\/#website\",\"url\":\"https:\/\/jospec.com\/\",\"name\":\"JOSPEC Instal\u00b7lacions\",\"description\":\"Altre lloc gestionat amb el WordPress\",\"publisher\":{\"@id\":\"https:\/\/jospec.com\/#organization\"},\"potentialAction\":[{\"@type\":\"SearchAction\",\"target\":{\"@type\":\"EntryPoint\",\"urlTemplate\":\"https:\/\/jospec.com\/?s={search_term_string}\"},\"query-input\":\"required name=search_term_string\"}],\"inLanguage\":\"es\"},{\"@type\":\"ImageObject\",\"inLanguage\":\"es\",\"@id\":\"https:\/\/jospec.com\/es\/servicios\/fontaneria\/#primaryimage\",\"url\":\"https:\/\/jospec.com\/wp-content\/uploads\/2020\/07\/ASEO.jpg\",\"contentUrl\":\"https:\/\/jospec.com\/wp-content\/uploads\/2020\/07\/ASEO.jpg\",\"width\":1200,\"height\":868},{\"@type\":\"WebPage\",\"@id\":\"https:\/\/jospec.com\/es\/servicios\/fontaneria\/#webpage\",\"url\":\"https:\/\/jospec.com\/es\/servicios\/fontaneria\/\",\"name\":\"Fontaner\u00eda - JOSPEC Instal\u00b7lacions\",\"isPartOf\":{\"@id\":\"https:\/\/jospec.com\/#website\"},\"primaryImageOfPage\":{\"@id\":\"https:\/\/jospec.com\/es\/servicios\/fontaneria\/#primaryimage\"},\"datePublished\":\"2017-05-26T07:29:02+00:00\",\"dateModified\":\"2022-11-10T12:12:41+00:00\",\"breadcrumb\":{\"@id\":\"https:\/\/jospec.com\/es\/servicios\/fontaneria\/#breadcrumb\"},\"inLanguage\":\"es\",\"potentialAction\":[{\"@type\":\"ReadAction\",\"target\":[\"https:\/\/jospec.com\/es\/servicios\/fontaneria\/\"]}]},{\"@type\":\"BreadcrumbList\",\"@id\":\"https:\/\/jospec.com\/es\/servicios\/fontaneria\/#breadcrumb\",\"itemListElement\":[{\"@type\":\"ListItem\",\"position\":1,\"name\":\"Inici\",\"item\":\"https:\/\/jospec.com\/es\/\"},{\"@type\":\"ListItem\",\"position\":2,\"name\":\"Servicios\",\"item\":\"https:\/\/jospec.com\/es\/servicios\/\"},{\"@type\":\"ListItem\",\"position\":3,\"name\":\"Fontaner\u00eda\"}]}]}<\/script>\n<!-- \/ Yoast SEO plugin. -->","yoast_head_json":{"title":"Fontaner\u00eda - JOSPEC Instal\u00b7lacions","robots":{"index":"index","follow":"follow","max-snippet":"max-snippet:-1","max-image-preview":"max-image-preview:large","max-video-preview":"max-video-preview:-1"},"canonical":"https:\/\/jospec.com\/es\/servicios\/fontaneria\/","og_locale":"es_ES","og_type":"article","og_title":"Fontaner\u00eda - JOSPEC Instal\u00b7lacions","og_description":"Instalaci\u00f3n tubos de agua y aire, grifer\u00eda, accesorios de ba\u00f1o, mamparas...","og_url":"https:\/\/jospec.com\/es\/servicios\/fontaneria\/","og_site_name":"JOSPEC Instal\u00b7lacions","article_modified_time":"2022-11-10T12:12:41+00:00","og_image":[{"width":1200,"height":868,"url":"https:\/\/jospec.com\/wp-content\/uploads\/2020\/07\/ASEO.jpg","type":"image\/jpeg"}],"twitter_card":"summary","twitter_misc":{"Tiempo de lectura":"1 minuto"},"schema":{"@context":"https:\/\/schema.org","@graph":[{"@type":"Organization","@id":"https:\/\/jospec.com\/#organization","name":"Jospec Instal\u00b7lacions","url":"https:\/\/jospec.com\/","sameAs":[],"logo":{"@type":"ImageObject","inLanguage":"es","@id":"https:\/\/jospec.com\/#\/schema\/logo\/image\/","url":"https:\/\/jospec.com\/wp-content\/uploads\/2016\/11\/logo_jospec.png","contentUrl":"https:\/\/jospec.com\/wp-content\/uploads\/2016\/11\/logo_jospec.png","width":1042,"height":1130,"caption":"Jospec Instal\u00b7lacions"},"image":{"@id":"https:\/\/jospec.com\/#\/schema\/logo\/image\/"}},{"@type":"WebSite","@id":"https:\/\/jospec.com\/#website","url":"https:\/\/jospec.com\/","name":"JOSPEC Instal\u00b7lacions","description":"Altre lloc gestionat amb el WordPress","publisher":{"@id":"https:\/\/jospec.com\/#organization"},"potentialAction":[{"@type":"SearchAction","target":{"@type":"EntryPoint","urlTemplate":"https:\/\/jospec.com\/?s={search_term_string}"},"query-input":"required name=search_term_string"}],"inLanguage":"es"},{"@type":"ImageObject","inLanguage":"es","@id":"https:\/\/jospec.com\/es\/servicios\/fontaneria\/#primaryimage","url":"https:\/\/jospec.com\/wp-content\/uploads\/2020\/07\/ASEO.jpg","contentUrl":"https:\/\/jospec.com\/wp-content\/uploads\/2020\/07\/ASEO.jpg","width":1200,"height":868},{"@type":"WebPage","@id":"https:\/\/jospec.com\/es\/servicios\/fontaneria\/#webpage","url":"https:\/\/jospec.com\/es\/servicios\/fontaneria\/","name":"Fontaner\u00eda - JOSPEC Instal\u00b7lacions","isPartOf":{"@id":"https:\/\/jospec.com\/#website"},"primaryImageOfPage":{"@id":"https:\/\/jospec.com\/es\/servicios\/fontaneria\/#primaryimage"},"datePublished":"2017-05-26T07:29:02+00:00","dateModified":"2022-11-10T12:12:41+00:00","breadcrumb":{"@id":"https:\/\/jospec.com\/es\/servicios\/fontaneria\/#breadcrumb"},"inLanguage":"es","potentialAction":[{"@type":"ReadAction","target":["https:\/\/jospec.com\/es\/servicios\/fontaneria\/"]}]},{"@type":"BreadcrumbList","@id":"https:\/\/jospec.com\/es\/servicios\/fontaneria\/#breadcrumb","itemListElement":[{"@type":"ListItem","position":1,"name":"Inici","item":"https:\/\/jospec.com\/es\/"},{"@type":"ListItem","position":2,"name":"Servicios","item":"https:\/\/jospec.com\/es\/servicios\/"},{"@type":"ListItem","position":3,"name":"Fontaner\u00eda"}]}]}},"_links":{"self":[{"href":"https:\/\/jospec.com\/es\/wp-json\/wp\/v2\/pages\/3044"}],"collection":[{"href":"https:\/\/jospec.com\/es\/wp-json\/wp\/v2\/pages"}],"about":[{"href":"https:\/\/jospec.com\/es\/wp-json\/wp\/v2\/types\/page"}],"author":[{"embeddable":true,"href":"https:\/\/jospec.com\/es\/wp-json\/wp\/v2\/users\/1"}],"replies":[{"embeddable":true,"href":"https:\/\/jospec.com\/es\/wp-json\/wp\/v2\/comments?post=3044"}],"version-history":[{"count":0,"href":"https:\/\/jospec.com\/es\/wp-json\/wp\/v2\/pages\/3044\/revisions"}],"up":[{"embeddable":true,"href":"https:\/\/jospec.com\/es\/wp-json\/wp\/v2\/pages\/3011"}],"wp:featuredmedia":[{"embeddable":true,"href":"https:\/\/jospec.com\/es\/wp-json\/wp\/v2\/media\/9274"}],"wp:attachment":[{"href":"https:\/\/jospec.com\/es\/wp-json\/wp\/v2\/media?parent=3044"}],"curies":[{"name":"wp","href":"https:\/\/api.w.org\/{rel}","templated":true}]}}