{"id":3029,"date":"2014-10-23T09:24:42","date_gmt":"2014-10-23T09:24:42","guid":{"rendered":"http:\/\/jospec.com\/servicios\/instalacions-electriques\/"},"modified":"2022-11-10T12:24:37","modified_gmt":"2022-11-10T12:24:37","slug":"instalaciones-electricas","status":"publish","type":"page","link":"https:\/\/jospec.com\/es\/servicios\/instalaciones-electricas\/","title":{"rendered":"Electricidad"},"content":{"rendered":"<div id=\"pl-3029\"  class=\"panel-layout\" ><div id=\"pg-3029-0\"  class=\"panel-grid panel-no-style\" ><div id=\"pgc-3029-0-0\"  class=\"panel-grid-cell\" ><div id=\"panel-3029-0-0-0\" class=\"so-panel widget widget_black-studio-tinymce widget_black_studio_tinymce panel-first-child panel-last-child\" data-index=\"0\" ><div class=\"textwidget\"><p>La iluminaci\u00f3n nos tiene que proporcionar un espacio de bienestar, comodidad y adaptaci\u00f3n a todas nuestras necesidades, por eso es muy importante que en el momento de su instalaci\u00f3n se utilizen los accesorios y productos id\u00f3neos para que se genere esa luz y sombras a nuestro gusto.<\/p>\n<p>La iluminaci\u00f3n\u00a0LED es una gran evoluci\u00f3n para el sector, puesto que nos proporciona una serie de ventajas indiscutibles.\u00a0Algunas de las m\u00e1s destacadas son las siguientes:<\/p>\n<ul>\n<li>Eficiencia energ\u00e9tica: con un porcentaje muy alto de ahorro en el consumo el\u00e9ctrico.<\/li>\n<li>Aumento de la vida \u00fatil de las\u00a0bombillas, plafones, fluorescentes,\u00a0l\u00e1mparas, proyectores, tiras led...<\/li>\n<li>M\u00ednimo de mantenimiento.<\/li>\n<li>Nos proporciona una luz m\u00e1s ecol\u00f3gica, debido a los materiales de su fabricaci\u00f3n.<\/li>\n<li>Nos ofrece una luz m\u00e1s intensa, con m\u00e1s vida.<\/li>\n<\/ul>\n<p>Podemos escoger entre luz dura y la luz suave, la diferencia entre estas dos opciones es la siguiente:<\/p>\n<ul>\n<li>Luz dura o fr\u00eda, nos ofrece una luz m\u00e1s marcada y profunda.<\/li>\n<li>Luz suave o c\u00e1lida, nos ofrece un efecto m\u00e1s natural.<\/li>\n<\/ul>\n<p>Nuestra empresa trabaja con las siguientes Instalaciones El\u00e9ctricas (Tensi\u00f3n baja):<\/p>\n<ul>\n<li>Instalaci\u00f3n de tubos y cableado<\/li>\n<li>Iluminaci\u00f3n\u00a0led<\/li>\n<li>Mecanismos<\/li>\n<li>Enchufes<\/li>\n<li>Autom\u00e1ticos de escalera<\/li>\n<li>Sensores de movimiento<\/li>\n<li>Sensores de luz<\/li>\n<li>Fotoc\u00e9lulas<\/li>\n<li>Motores, etc..<\/li>\n<\/ul>\n<p>En cualquier de los siguientes puntos:<\/p>\n<ul>\n<li>Viviendas<\/li>\n<li>Comercios<\/li>\n<li>Comunidades<\/li>\n<li>Naves industriales.<\/li>\n<li>Almacenes<\/li>\n<li>Oficinas<\/li>\n<li>Edificios<\/li>\n<li>Zonas exteriores<\/li>\n<li>Piscinas<\/li>\n<\/ul>\n<\/div><\/div><\/div><div id=\"pgc-3029-0-1\"  class=\"panel-grid-cell\" ><div id=\"panel-3029-0-1-0\" class=\"so-panel widget widget_media_gallery panel-first-child panel-last-child\" data-index=\"1\" ><div id='gallery-1' class='gallery galleryid-0 gallery-columns-3 gallery-size-thumbnail'><figure class='gallery-item'>\n\t\t\t<div class='gallery-icon portrait'>\n\t\t\t\t<a href='https:\/\/jospec.com\/wp-content\/uploads\/2022\/11\/illuminacio.jpeg'><img width=\"150\" height=\"150\" src=\"https:\/\/jospec.com\/wp-content\/uploads\/2022\/11\/illuminacio-150x150.jpeg\" class=\"attachment-thumbnail size-thumbnail\" alt=\"\" loading=\"lazy\" srcset=\"https:\/\/jospec.com\/wp-content\/uploads\/2022\/11\/illuminacio-150x150.jpeg 150w, https:\/\/jospec.com\/wp-content\/uploads\/2022\/11\/illuminacio-300x300.jpeg 300w, https:\/\/jospec.com\/wp-content\/uploads\/2022\/11\/illuminacio-100x100.jpeg 100w\" sizes=\"(max-width: 150px) 100vw, 150px\" \/><\/a>\n\t\t\t<\/div><\/figure><figure class='gallery-item'>\n\t\t\t<div class='gallery-icon landscape'>\n\t\t\t\t<a href='https:\/\/jospec.com\/wp-content\/uploads\/2022\/11\/illuminacio-1.jpeg'><img width=\"150\" height=\"150\" src=\"https:\/\/jospec.com\/wp-content\/uploads\/2022\/11\/illuminacio-1-150x150.jpeg\" class=\"attachment-thumbnail size-thumbnail\" alt=\"\" loading=\"lazy\" srcset=\"https:\/\/jospec.com\/wp-content\/uploads\/2022\/11\/illuminacio-1-150x150.jpeg 150w, https:\/\/jospec.com\/wp-content\/uploads\/2022\/11\/illuminacio-1-300x300.jpeg 300w, https:\/\/jospec.com\/wp-content\/uploads\/2022\/11\/illuminacio-1.jpeg 1024w, https:\/\/jospec.com\/wp-content\/uploads\/2022\/11\/illuminacio-1-768x768.jpeg 768w, https:\/\/jospec.com\/wp-content\/uploads\/2022\/11\/illuminacio-1-555x555.jpeg 555w, https:\/\/jospec.com\/wp-content\/uploads\/2022\/11\/illuminacio-1-600x600.jpeg 600w, https:\/\/jospec.com\/wp-content\/uploads\/2022\/11\/illuminacio-1-100x100.jpeg 100w\" sizes=\"(max-width: 150px) 100vw, 150px\" \/><\/a>\n\t\t\t<\/div><\/figure><figure class='gallery-item'>\n\t\t\t<div class='gallery-icon landscape'>\n\t\t\t\t<a href='https:\/\/jospec.com\/wp-content\/uploads\/2019\/09\/iluminaci\u00f3.jpg'><img width=\"150\" height=\"150\" src=\"https:\/\/jospec.com\/wp-content\/uploads\/2019\/09\/iluminaci\u00f3-150x150.jpg\" class=\"attachment-thumbnail size-thumbnail\" alt=\"\" loading=\"lazy\" \/><\/a>\n\t\t\t<\/div><\/figure><figure class='gallery-item'>\n\t\t\t<div class='gallery-icon portrait'>\n\t\t\t\t<a href='https:\/\/jospec.com\/wp-content\/uploads\/2019\/09\/iluminacio-interior.jpg'><img width=\"150\" height=\"150\" src=\"https:\/\/jospec.com\/wp-content\/uploads\/2019\/09\/iluminacio-interior-150x150.jpg\" class=\"attachment-thumbnail size-thumbnail\" alt=\"\" loading=\"lazy\" srcset=\"https:\/\/jospec.com\/wp-content\/uploads\/2019\/09\/iluminacio-interior-150x150.jpg 150w, https:\/\/jospec.com\/wp-content\/uploads\/2019\/09\/iluminacio-interior-300x300.jpg 300w\" sizes=\"(max-width: 150px) 100vw, 150px\" \/><\/a>\n\t\t\t<\/div><\/figure><figure class='gallery-item'>\n\t\t\t<div class='gallery-icon landscape'>\n\t\t\t\t<a href='https:\/\/jospec.com\/wp-content\/uploads\/2018\/05\/light-2469093_1920.jpg'><img width=\"150\" height=\"150\" src=\"https:\/\/jospec.com\/wp-content\/uploads\/2018\/05\/light-2469093_1920-150x150.jpg\" class=\"attachment-thumbnail size-thumbnail\" alt=\"\" loading=\"lazy\" srcset=\"https:\/\/jospec.com\/wp-content\/uploads\/2018\/05\/light-2469093_1920-150x150.jpg 150w, https:\/\/jospec.com\/wp-content\/uploads\/2018\/05\/light-2469093_1920-300x300.jpg 300w, https:\/\/jospec.com\/wp-content\/uploads\/2018\/05\/light-2469093_1920-100x100.jpg 100w\" sizes=\"(max-width: 150px) 100vw, 150px\" \/><\/a>\n\t\t\t<\/div><\/figure><figure class='gallery-item'>\n\t\t\t<div class='gallery-icon landscape'>\n\t\t\t\t<a href='https:\/\/jospec.com\/wp-content\/uploads\/2018\/05\/abstract-art-ball-696515.jpg'><img width=\"150\" height=\"150\" src=\"https:\/\/jospec.com\/wp-content\/uploads\/2018\/05\/abstract-art-ball-696515-150x150.jpg\" class=\"attachment-thumbnail size-thumbnail\" alt=\"\" loading=\"lazy\" srcset=\"https:\/\/jospec.com\/wp-content\/uploads\/2018\/05\/abstract-art-ball-696515-150x150.jpg 150w, https:\/\/jospec.com\/wp-content\/uploads\/2018\/05\/abstract-art-ball-696515-300x300.jpg 300w, https:\/\/jospec.com\/wp-content\/uploads\/2018\/05\/abstract-art-ball-696515-100x100.jpg 100w\" sizes=\"(max-width: 150px) 100vw, 150px\" \/><\/a>\n\t\t\t<\/div><\/figure><figure class='gallery-item'>\n\t\t\t<div class='gallery-icon landscape'>\n\t\t\t\t<a href='https:\/\/jospec.com\/wp-content\/uploads\/2018\/05\/light-1612192_1920.jpg'><img width=\"150\" height=\"150\" src=\"https:\/\/jospec.com\/wp-content\/uploads\/2018\/05\/light-1612192_1920-150x150.jpg\" class=\"attachment-thumbnail size-thumbnail\" alt=\"\" loading=\"lazy\" srcset=\"https:\/\/jospec.com\/wp-content\/uploads\/2018\/05\/light-1612192_1920-150x150.jpg 150w, https:\/\/jospec.com\/wp-content\/uploads\/2018\/05\/light-1612192_1920-300x300.jpg 300w, https:\/\/jospec.com\/wp-content\/uploads\/2018\/05\/light-1612192_1920-100x100.jpg 100w\" sizes=\"(max-width: 150px) 100vw, 150px\" \/><\/a>\n\t\t\t<\/div><\/figure><figure class='gallery-item'>\n\t\t\t<div class='gallery-icon landscape'>\n\t\t\t\t<a href='https:\/\/jospec.com\/wp-content\/uploads\/2018\/05\/bright-bulbs-close-up-159108.jpg'><img width=\"150\" height=\"150\" src=\"https:\/\/jospec.com\/wp-content\/uploads\/2018\/05\/bright-bulbs-close-up-159108-150x150.jpg\" class=\"attachment-thumbnail size-thumbnail\" alt=\"\" loading=\"lazy\" srcset=\"https:\/\/jospec.com\/wp-content\/uploads\/2018\/05\/bright-bulbs-close-up-159108-150x150.jpg 150w, https:\/\/jospec.com\/wp-content\/uploads\/2018\/05\/bright-bulbs-close-up-159108-300x300.jpg 300w, https:\/\/jospec.com\/wp-content\/uploads\/2018\/05\/bright-bulbs-close-up-159108-100x100.jpg 100w\" sizes=\"(max-width: 150px) 100vw, 150px\" \/><\/a>\n\t\t\t<\/div><\/figure><figure class='gallery-item'>\n\t\t\t<div class='gallery-icon landscape'>\n\t\t\t\t<a href='https:\/\/jospec.com\/wp-content\/uploads\/2018\/01\/il\u00b7luminaci\u00f3-e1517305154122.jpg'><img width=\"150\" height=\"150\" src=\"https:\/\/jospec.com\/wp-content\/uploads\/2018\/01\/il\u00b7luminaci\u00f3-e1517305132327-150x150.jpg\" class=\"attachment-thumbnail size-thumbnail\" alt=\"\" loading=\"lazy\" aria-describedby=\"gallery-1-4522\" \/><\/a>\n\t\t\t<\/div>\n\t\t\t\t<figcaption class='wp-caption-text gallery-caption' id='gallery-1-4522'>\n\t\t\t\tPUNTS DE LLUM I TIRA LED\n\t\t\t\t<\/figcaption><\/figure><figure class='gallery-item'>\n\t\t\t<div class='gallery-icon landscape'>\n\t\t\t\t<a href='https:\/\/jospec.com\/wp-content\/uploads\/2018\/02\/Focos-Nau.jpg'><img width=\"150\" height=\"150\" src=\"https:\/\/jospec.com\/wp-content\/uploads\/2018\/02\/Focos-Nau-150x150.jpg\" class=\"attachment-thumbnail size-thumbnail\" alt=\"\" loading=\"lazy\" aria-describedby=\"gallery-1-4526\" srcset=\"https:\/\/jospec.com\/wp-content\/uploads\/2018\/02\/Focos-Nau-150x150.jpg 150w, https:\/\/jospec.com\/wp-content\/uploads\/2018\/02\/Focos-Nau-300x300.jpg 300w, https:\/\/jospec.com\/wp-content\/uploads\/2018\/02\/Focos-Nau-100x100.jpg 100w\" sizes=\"(max-width: 150px) 100vw, 150px\" \/><\/a>\n\t\t\t<\/div>\n\t\t\t\t<figcaption class='wp-caption-text gallery-caption' id='gallery-1-4526'>\n\t\t\t\tFOCOS NAU\n\t\t\t\t<\/figcaption><\/figure><figure class='gallery-item'>\n\t\t\t<div class='gallery-icon landscape'>\n\t\t\t\t<a href='https:\/\/jospec.com\/wp-content\/uploads\/2018\/02\/TIRA-LED.jpg'><img width=\"150\" height=\"150\" src=\"https:\/\/jospec.com\/wp-content\/uploads\/2018\/02\/TIRA-LED-150x150.jpg\" class=\"attachment-thumbnail size-thumbnail\" alt=\"\" loading=\"lazy\" aria-describedby=\"gallery-1-4538\" srcset=\"https:\/\/jospec.com\/wp-content\/uploads\/2018\/02\/TIRA-LED-150x150.jpg 150w, https:\/\/jospec.com\/wp-content\/uploads\/2018\/02\/TIRA-LED-300x300.jpg 300w, https:\/\/jospec.com\/wp-content\/uploads\/2018\/02\/TIRA-LED-100x100.jpg 100w\" sizes=\"(max-width: 150px) 100vw, 150px\" \/><\/a>\n\t\t\t<\/div>\n\t\t\t\t<figcaption class='wp-caption-text gallery-caption' id='gallery-1-4538'>\n\t\t\t\tTIRA LED TAUNELL CUINA\n\t\t\t\t<\/figcaption><\/figure><figure class='gallery-item'>\n\t\t\t<div class='gallery-icon landscape'>\n\t\t\t\t<a href='https:\/\/jospec.com\/wp-content\/uploads\/2018\/02\/panel-led-60x60-e1518190937919.jpg'><img width=\"150\" height=\"150\" src=\"https:\/\/jospec.com\/wp-content\/uploads\/2018\/02\/panel-led-60x60-e1518190937919-150x150.jpg\" class=\"attachment-thumbnail size-thumbnail\" alt=\"\" loading=\"lazy\" aria-describedby=\"gallery-1-4541\" srcset=\"https:\/\/jospec.com\/wp-content\/uploads\/2018\/02\/panel-led-60x60-e1518190937919-150x150.jpg 150w, https:\/\/jospec.com\/wp-content\/uploads\/2018\/02\/panel-led-60x60-e1518190937919-300x300.jpg 300w, https:\/\/jospec.com\/wp-content\/uploads\/2018\/02\/panel-led-60x60-e1518190937919-100x100.jpg 100w\" sizes=\"(max-width: 150px) 100vw, 150px\" \/><\/a>\n\t\t\t<\/div>\n\t\t\t\t<figcaption class='wp-caption-text gallery-caption' id='gallery-1-4541'>\n\t\t\t\tPANEL LED 60X60\n\t\t\t\t<\/figcaption><\/figure><figure class='gallery-item'>\n\t\t\t<div class='gallery-icon portrait'>\n\t\t\t\t<a href='https:\/\/jospec.com\/wp-content\/uploads\/2018\/02\/il.luminacio-e1519818673601.jpg'><img width=\"150\" height=\"150\" src=\"https:\/\/jospec.com\/wp-content\/uploads\/2018\/02\/il.luminacio-e1519818673601-150x150.jpg\" class=\"attachment-thumbnail size-thumbnail\" alt=\"\" loading=\"lazy\" srcset=\"https:\/\/jospec.com\/wp-content\/uploads\/2018\/02\/il.luminacio-e1519818673601-150x150.jpg 150w, https:\/\/jospec.com\/wp-content\/uploads\/2018\/02\/il.luminacio-e1519818673601-300x300.jpg 300w, https:\/\/jospec.com\/wp-content\/uploads\/2018\/02\/il.luminacio-e1519818673601-100x100.jpg 100w\" sizes=\"(max-width: 150px) 100vw, 150px\" \/><\/a>\n\t\t\t<\/div><\/figure><figure class='gallery-item'>\n\t\t\t<div class='gallery-icon landscape'>\n\t\t\t\t<a href='https:\/\/jospec.com\/wp-content\/uploads\/2018\/03\/ESCAPARATE-I.jpg'><img width=\"150\" height=\"150\" src=\"https:\/\/jospec.com\/wp-content\/uploads\/2018\/03\/ESCAPARATE-I-150x150.jpg\" class=\"attachment-thumbnail size-thumbnail\" alt=\"\" loading=\"lazy\" srcset=\"https:\/\/jospec.com\/wp-content\/uploads\/2018\/03\/ESCAPARATE-I-150x150.jpg 150w, https:\/\/jospec.com\/wp-content\/uploads\/2018\/03\/ESCAPARATE-I-300x300.jpg 300w, https:\/\/jospec.com\/wp-content\/uploads\/2018\/03\/ESCAPARATE-I-100x100.jpg 100w\" sizes=\"(max-width: 150px) 100vw, 150px\" \/><\/a>\n\t\t\t<\/div><\/figure><figure class='gallery-item'>\n\t\t\t<div class='gallery-icon landscape'>\n\t\t\t\t<a href='https:\/\/jospec.com\/wp-content\/uploads\/2018\/03\/ESCAPARATE.jpg'><img width=\"150\" height=\"150\" src=\"https:\/\/jospec.com\/wp-content\/uploads\/2018\/03\/ESCAPARATE-150x150.jpg\" class=\"attachment-thumbnail size-thumbnail\" alt=\"\" loading=\"lazy\" srcset=\"https:\/\/jospec.com\/wp-content\/uploads\/2018\/03\/ESCAPARATE-150x150.jpg 150w, https:\/\/jospec.com\/wp-content\/uploads\/2018\/03\/ESCAPARATE-300x300.jpg 300w, https:\/\/jospec.com\/wp-content\/uploads\/2018\/03\/ESCAPARATE-100x100.jpg 100w\" sizes=\"(max-width: 150px) 100vw, 150px\" \/><\/a>\n\t\t\t<\/div><\/figure><figure class='gallery-item'>\n\t\t\t<div class='gallery-icon landscape'>\n\t\t\t\t<a href='https:\/\/jospec.com\/wp-content\/uploads\/2018\/03\/ESCAPARATE-II.jpg'><img width=\"150\" height=\"150\" src=\"https:\/\/jospec.com\/wp-content\/uploads\/2018\/03\/ESCAPARATE-II-150x150.jpg\" class=\"attachment-thumbnail size-thumbnail\" alt=\"\" loading=\"lazy\" srcset=\"https:\/\/jospec.com\/wp-content\/uploads\/2018\/03\/ESCAPARATE-II-150x150.jpg 150w, https:\/\/jospec.com\/wp-content\/uploads\/2018\/03\/ESCAPARATE-II-300x300.jpg 300w, https:\/\/jospec.com\/wp-content\/uploads\/2018\/03\/ESCAPARATE-II-100x100.jpg 100w\" sizes=\"(max-width: 150px) 100vw, 150px\" \/><\/a>\n\t\t\t<\/div><\/figure><figure class='gallery-item'>\n\t\t\t<div class='gallery-icon portrait'>\n\t\t\t\t<a href='https:\/\/jospec.com\/wp-content\/uploads\/2020\/07\/PIS-ALDEA-1.jpeg'><img width=\"150\" height=\"150\" src=\"https:\/\/jospec.com\/wp-content\/uploads\/2020\/07\/PIS-ALDEA-1-150x150.jpeg\" class=\"attachment-thumbnail size-thumbnail\" alt=\"\" loading=\"lazy\" srcset=\"https:\/\/jospec.com\/wp-content\/uploads\/2020\/07\/PIS-ALDEA-1-150x150.jpeg 150w, https:\/\/jospec.com\/wp-content\/uploads\/2020\/07\/PIS-ALDEA-1-300x300.jpeg 300w, https:\/\/jospec.com\/wp-content\/uploads\/2020\/07\/PIS-ALDEA-1-100x100.jpeg 100w\" sizes=\"(max-width: 150px) 100vw, 150px\" \/><\/a>\n\t\t\t<\/div><\/figure>\n\t\t<\/div>\n<\/div><\/div><\/div><\/div>","protected":false},"excerpt":{"rendered":"<p>Instalaciones El\u00e9ctricas (Tensi\u00f3n baja), en viviendas, comercios, naves, almacenes&#8230;<\/p>\n","protected":false},"author":1,"featured_media":9287,"parent":3011,"menu_order":0,"comment_status":"closed","ping_status":"closed","template":"","meta":{"_mi_skip_tracking":false},"yoast_head":"<!-- This site is optimized with the Yoast SEO plugin v19.0 - https:\/\/yoast.com\/wordpress\/plugins\/seo\/ -->\n<title>Electricidad - JOSPEC Instal\u00b7lacions<\/title>\n<meta name=\"robots\" content=\"index, follow, max-snippet:-1, max-image-preview:large, max-video-preview:-1\" \/>\n<link rel=\"canonical\" href=\"https:\/\/jospec.com\/es\/servicios\/instalaciones-electricas\/\" \/>\n<meta property=\"og:locale\" content=\"es_ES\" \/>\n<meta property=\"og:type\" content=\"article\" \/>\n<meta property=\"og:title\" content=\"Electricidad - JOSPEC Instal\u00b7lacions\" \/>\n<meta property=\"og:description\" content=\"Instalaciones El\u00e9ctricas (Tensi\u00f3n baja), en viviendas, comercios, naves, almacenes...\" \/>\n<meta property=\"og:url\" content=\"https:\/\/jospec.com\/es\/servicios\/instalaciones-electricas\/\" \/>\n<meta property=\"og:site_name\" content=\"JOSPEC Instal\u00b7lacions\" \/>\n<meta property=\"article:modified_time\" content=\"2022-11-10T12:24:37+00:00\" \/>\n<meta property=\"og:image\" content=\"https:\/\/jospec.com\/wp-content\/uploads\/2020\/07\/RATTAN.jpeg\" \/>\n\t<meta property=\"og:image:width\" content=\"1045\" \/>\n\t<meta property=\"og:image:height\" content=\"466\" \/>\n\t<meta property=\"og:image:type\" content=\"image\/jpeg\" \/>\n<meta name=\"twitter:card\" content=\"summary\" \/>\n<meta name=\"twitter:label1\" content=\"Tiempo de lectura\" \/>\n\t<meta name=\"twitter:data1\" content=\"2 minutos\" \/>\n<script type=\"application\/ld+json\" class=\"yoast-schema-graph\">{\"@context\":\"https:\/\/schema.org\",\"@graph\":[{\"@type\":\"Organization\",\"@id\":\"https:\/\/jospec.com\/#organization\",\"name\":\"Jospec Instal\u00b7lacions\",\"url\":\"https:\/\/jospec.com\/\",\"sameAs\":[],\"logo\":{\"@type\":\"ImageObject\",\"inLanguage\":\"es\",\"@id\":\"https:\/\/jospec.com\/#\/schema\/logo\/image\/\",\"url\":\"https:\/\/jospec.com\/wp-content\/uploads\/2016\/11\/logo_jospec.png\",\"contentUrl\":\"https:\/\/jospec.com\/wp-content\/uploads\/2016\/11\/logo_jospec.png\",\"width\":1042,\"height\":1130,\"caption\":\"Jospec Instal\u00b7lacions\"},\"image\":{\"@id\":\"https:\/\/jospec.com\/#\/schema\/logo\/image\/\"}},{\"@type\":\"WebSite\",\"@id\":\"https:\/\/jospec.com\/#website\",\"url\":\"https:\/\/jospec.com\/\",\"name\":\"JOSPEC Instal\u00b7lacions\",\"description\":\"Altre lloc gestionat amb el WordPress\",\"publisher\":{\"@id\":\"https:\/\/jospec.com\/#organization\"},\"potentialAction\":[{\"@type\":\"SearchAction\",\"target\":{\"@type\":\"EntryPoint\",\"urlTemplate\":\"https:\/\/jospec.com\/?s={search_term_string}\"},\"query-input\":\"required name=search_term_string\"}],\"inLanguage\":\"es\"},{\"@type\":\"ImageObject\",\"inLanguage\":\"es\",\"@id\":\"https:\/\/jospec.com\/es\/servicios\/instalaciones-electricas\/#primaryimage\",\"url\":\"https:\/\/jospec.com\/wp-content\/uploads\/2020\/07\/RATTAN.jpeg\",\"contentUrl\":\"https:\/\/jospec.com\/wp-content\/uploads\/2020\/07\/RATTAN.jpeg\",\"width\":1045,\"height\":466},{\"@type\":\"WebPage\",\"@id\":\"https:\/\/jospec.com\/es\/servicios\/instalaciones-electricas\/#webpage\",\"url\":\"https:\/\/jospec.com\/es\/servicios\/instalaciones-electricas\/\",\"name\":\"Electricidad - JOSPEC Instal\u00b7lacions\",\"isPartOf\":{\"@id\":\"https:\/\/jospec.com\/#website\"},\"primaryImageOfPage\":{\"@id\":\"https:\/\/jospec.com\/es\/servicios\/instalaciones-electricas\/#primaryimage\"},\"datePublished\":\"2014-10-23T09:24:42+00:00\",\"dateModified\":\"2022-11-10T12:24:37+00:00\",\"breadcrumb\":{\"@id\":\"https:\/\/jospec.com\/es\/servicios\/instalaciones-electricas\/#breadcrumb\"},\"inLanguage\":\"es\",\"potentialAction\":[{\"@type\":\"ReadAction\",\"target\":[\"https:\/\/jospec.com\/es\/servicios\/instalaciones-electricas\/\"]}]},{\"@type\":\"BreadcrumbList\",\"@id\":\"https:\/\/jospec.com\/es\/servicios\/instalaciones-electricas\/#breadcrumb\",\"itemListElement\":[{\"@type\":\"ListItem\",\"position\":1,\"name\":\"Inici\",\"item\":\"https:\/\/jospec.com\/es\/\"},{\"@type\":\"ListItem\",\"position\":2,\"name\":\"Servicios\",\"item\":\"https:\/\/jospec.com\/es\/servicios\/\"},{\"@type\":\"ListItem\",\"position\":3,\"name\":\"Electricidad\"}]}]}<\/script>\n<!-- \/ Yoast SEO plugin. -->","yoast_head_json":{"title":"Electricidad - JOSPEC Instal\u00b7lacions","robots":{"index":"index","follow":"follow","max-snippet":"max-snippet:-1","max-image-preview":"max-image-preview:large","max-video-preview":"max-video-preview:-1"},"canonical":"https:\/\/jospec.com\/es\/servicios\/instalaciones-electricas\/","og_locale":"es_ES","og_type":"article","og_title":"Electricidad - JOSPEC Instal\u00b7lacions","og_description":"Instalaciones El\u00e9ctricas (Tensi\u00f3n baja), en viviendas, comercios, naves, almacenes...","og_url":"https:\/\/jospec.com\/es\/servicios\/instalaciones-electricas\/","og_site_name":"JOSPEC Instal\u00b7lacions","article_modified_time":"2022-11-10T12:24:37+00:00","og_image":[{"width":1045,"height":466,"url":"https:\/\/jospec.com\/wp-content\/uploads\/2020\/07\/RATTAN.jpeg","type":"image\/jpeg"}],"twitter_card":"summary","twitter_misc":{"Tiempo de lectura":"2 minutos"},"schema":{"@context":"https:\/\/schema.org","@graph":[{"@type":"Organization","@id":"https:\/\/jospec.com\/#organization","name":"Jospec Instal\u00b7lacions","url":"https:\/\/jospec.com\/","sameAs":[],"logo":{"@type":"ImageObject","inLanguage":"es","@id":"https:\/\/jospec.com\/#\/schema\/logo\/image\/","url":"https:\/\/jospec.com\/wp-content\/uploads\/2016\/11\/logo_jospec.png","contentUrl":"https:\/\/jospec.com\/wp-content\/uploads\/2016\/11\/logo_jospec.png","width":1042,"height":1130,"caption":"Jospec Instal\u00b7lacions"},"image":{"@id":"https:\/\/jospec.com\/#\/schema\/logo\/image\/"}},{"@type":"WebSite","@id":"https:\/\/jospec.com\/#website","url":"https:\/\/jospec.com\/","name":"JOSPEC Instal\u00b7lacions","description":"Altre lloc gestionat amb el WordPress","publisher":{"@id":"https:\/\/jospec.com\/#organization"},"potentialAction":[{"@type":"SearchAction","target":{"@type":"EntryPoint","urlTemplate":"https:\/\/jospec.com\/?s={search_term_string}"},"query-input":"required name=search_term_string"}],"inLanguage":"es"},{"@type":"ImageObject","inLanguage":"es","@id":"https:\/\/jospec.com\/es\/servicios\/instalaciones-electricas\/#primaryimage","url":"https:\/\/jospec.com\/wp-content\/uploads\/2020\/07\/RATTAN.jpeg","contentUrl":"https:\/\/jospec.com\/wp-content\/uploads\/2020\/07\/RATTAN.jpeg","width":1045,"height":466},{"@type":"WebPage","@id":"https:\/\/jospec.com\/es\/servicios\/instalaciones-electricas\/#webpage","url":"https:\/\/jospec.com\/es\/servicios\/instalaciones-electricas\/","name":"Electricidad - JOSPEC Instal\u00b7lacions","isPartOf":{"@id":"https:\/\/jospec.com\/#website"},"primaryImageOfPage":{"@id":"https:\/\/jospec.com\/es\/servicios\/instalaciones-electricas\/#primaryimage"},"datePublished":"2014-10-23T09:24:42+00:00","dateModified":"2022-11-10T12:24:37+00:00","breadcrumb":{"@id":"https:\/\/jospec.com\/es\/servicios\/instalaciones-electricas\/#breadcrumb"},"inLanguage":"es","potentialAction":[{"@type":"ReadAction","target":["https:\/\/jospec.com\/es\/servicios\/instalaciones-electricas\/"]}]},{"@type":"BreadcrumbList","@id":"https:\/\/jospec.com\/es\/servicios\/instalaciones-electricas\/#breadcrumb","itemListElement":[{"@type":"ListItem","position":1,"name":"Inici","item":"https:\/\/jospec.com\/es\/"},{"@type":"ListItem","position":2,"name":"Servicios","item":"https:\/\/jospec.com\/es\/servicios\/"},{"@type":"ListItem","position":3,"name":"Electricidad"}]}]}},"_links":{"self":[{"href":"https:\/\/jospec.com\/es\/wp-json\/wp\/v2\/pages\/3029"}],"collection":[{"href":"https:\/\/jospec.com\/es\/wp-json\/wp\/v2\/pages"}],"about":[{"href":"https:\/\/jospec.com\/es\/wp-json\/wp\/v2\/types\/page"}],"author":[{"embeddable":true,"href":"https:\/\/jospec.com\/es\/wp-json\/wp\/v2\/users\/1"}],"replies":[{"embeddable":true,"href":"https:\/\/jospec.com\/es\/wp-json\/wp\/v2\/comments?post=3029"}],"version-history":[{"count":0,"href":"https:\/\/jospec.com\/es\/wp-json\/wp\/v2\/pages\/3029\/revisions"}],"up":[{"embeddable":true,"href":"https:\/\/jospec.com\/es\/wp-json\/wp\/v2\/pages\/3011"}],"wp:featuredmedia":[{"embeddable":true,"href":"https:\/\/jospec.com\/es\/wp-json\/wp\/v2\/media\/9287"}],"wp:attachment":[{"href":"https:\/\/jospec.com\/es\/wp-json\/wp\/v2\/media?parent=3029"}],"curies":[{"name":"wp","href":"https:\/\/api.w.org\/{rel}","templated":true}]}}