{"id":3023,"date":"2017-05-26T08:08:06","date_gmt":"2017-05-26T08:08:06","guid":{"rendered":"http:\/\/jospec.com\/servicios\/calefaccio\/"},"modified":"2021-02-26T19:13:13","modified_gmt":"2021-02-26T19:13:13","slug":"calefaccion","status":"publish","type":"page","link":"https:\/\/jospec.com\/es\/servicios\/calefaccion\/","title":{"rendered":"Calefacci\u00f3n"},"content":{"rendered":"<div id=\"pl-3023\"  class=\"panel-layout\" ><div id=\"pg-3023-0\"  class=\"panel-grid panel-no-style\" ><div id=\"pgc-3023-0-0\"  class=\"panel-grid-cell\" ><div id=\"panel-3023-0-0-0\" class=\"so-panel widget widget_black-studio-tinymce widget_black_studio_tinymce panel-first-child panel-last-child\" data-index=\"0\" ><div class=\"textwidget\"><p>La Calefacci\u00f3n, es un sistema de climatizaci\u00f3n cuya finalidad es mantener a una temperatura estable el ambiente en el interior de una vivienda, local comercial, oficina, en definitiva, cualquier espacio cerrado.<\/p>\n<p>La instalaci\u00f3n puede ser:<\/p>\n<ul>\n<li>Instalaci\u00f3n Individual, es decir, para una \u00fanica vivienda.<\/li>\n<li>Instalaci\u00f3n Colectiva, para varias viviendas, por ejemplo en un edificio.<\/li>\n<\/ul>\n<p>Disponemos de varias opciones para la instalaci\u00f3n o pre-instalaci\u00f3n de la calefacci\u00f3n:<\/p>\n<ul>\n<li>Radiadores<\/li>\n<li>Suelo Radiante<\/li>\n<li>Calderas de gas\u00f3leo<\/li>\n<li>Calderas de gas natural<\/li>\n<li>Calderas de\u00a0pellets<\/li>\n<li>Aerotermia, etc...<\/li>\n<\/ul>\n<p>La aerotermia, es una instalaci\u00f3n que nos ofrece la\u00a0garant\u00eda\u00a0de poder\u00a0disfrutar\u00a0de un importante ahorro energ\u00e9tico y econ\u00f3mico.<\/p>\n<\/div><\/div><\/div><div id=\"pgc-3023-0-1\"  class=\"panel-grid-cell\" ><div id=\"panel-3023-0-1-0\" class=\"so-panel widget widget_media_gallery panel-first-child panel-last-child\" data-index=\"1\" ><div id='gallery-1' class='gallery galleryid-0 gallery-columns-3 gallery-size-thumbnail'><figure class='gallery-item'>\n\t\t\t<div class='gallery-icon landscape'>\n\t\t\t\t<a href='https:\/\/jospec.com\/wp-content\/uploads\/2019\/09\/sol-radiant.jpg'><img width=\"150\" height=\"150\" src=\"https:\/\/jospec.com\/wp-content\/uploads\/2019\/09\/sol-radiant-150x150.jpg\" class=\"attachment-thumbnail size-thumbnail\" alt=\"\" loading=\"lazy\" \/><\/a>\n\t\t\t<\/div><\/figure><figure class='gallery-item'>\n\t\t\t<div class='gallery-icon landscape'>\n\t\t\t\t<a href='https:\/\/jospec.com\/wp-content\/uploads\/2018\/02\/1-pas-aerotermia.jpg'><img width=\"150\" height=\"150\" src=\"https:\/\/jospec.com\/wp-content\/uploads\/2018\/02\/1-pas-aerotermia-150x150.jpg\" class=\"attachment-thumbnail size-thumbnail\" alt=\"\" loading=\"lazy\" srcset=\"https:\/\/jospec.com\/wp-content\/uploads\/2018\/02\/1-pas-aerotermia-150x150.jpg 150w, https:\/\/jospec.com\/wp-content\/uploads\/2018\/02\/1-pas-aerotermia-300x300.jpg 300w, https:\/\/jospec.com\/wp-content\/uploads\/2018\/02\/1-pas-aerotermia-100x100.jpg 100w\" sizes=\"(max-width: 150px) 100vw, 150px\" \/><\/a>\n\t\t\t<\/div><\/figure><figure class='gallery-item'>\n\t\t\t<div class='gallery-icon landscape'>\n\t\t\t\t<a href='https:\/\/jospec.com\/wp-content\/uploads\/2018\/02\/2on-pas-aerotermia.jpg'><img width=\"150\" height=\"150\" src=\"https:\/\/jospec.com\/wp-content\/uploads\/2018\/02\/2on-pas-aerotermia-150x150.jpg\" class=\"attachment-thumbnail size-thumbnail\" alt=\"\" loading=\"lazy\" srcset=\"https:\/\/jospec.com\/wp-content\/uploads\/2018\/02\/2on-pas-aerotermia-150x150.jpg 150w, https:\/\/jospec.com\/wp-content\/uploads\/2018\/02\/2on-pas-aerotermia-300x300.jpg 300w, https:\/\/jospec.com\/wp-content\/uploads\/2018\/02\/2on-pas-aerotermia-100x100.jpg 100w\" sizes=\"(max-width: 150px) 100vw, 150px\" \/><\/a>\n\t\t\t<\/div><\/figure><figure class='gallery-item'>\n\t\t\t<div class='gallery-icon landscape'>\n\t\t\t\t<a href='https:\/\/jospec.com\/wp-content\/uploads\/2018\/01\/aerotermia-1.jpg'><img width=\"150\" height=\"150\" src=\"https:\/\/jospec.com\/wp-content\/uploads\/2018\/01\/aerotermia-1-150x150.jpg\" class=\"attachment-thumbnail size-thumbnail\" alt=\"\" loading=\"lazy\" aria-describedby=\"gallery-1-4524\" srcset=\"https:\/\/jospec.com\/wp-content\/uploads\/2018\/01\/aerotermia-1-150x150.jpg 150w, https:\/\/jospec.com\/wp-content\/uploads\/2018\/01\/aerotermia-1-300x300.jpg 300w, https:\/\/jospec.com\/wp-content\/uploads\/2018\/01\/aerotermia-1-100x100.jpg 100w\" sizes=\"(max-width: 150px) 100vw, 150px\" \/><\/a>\n\t\t\t<\/div>\n\t\t\t\t<figcaption class='wp-caption-text gallery-caption' id='gallery-1-4524'>\n\t\t\t\tAEROTERMIA\n\t\t\t\t<\/figcaption><\/figure><figure class='gallery-item'>\n\t\t\t<div class='gallery-icon landscape'>\n\t\t\t\t<a href='https:\/\/jospec.com\/wp-content\/uploads\/2018\/02\/aerotermia-I.jpg'><img width=\"150\" height=\"150\" src=\"https:\/\/jospec.com\/wp-content\/uploads\/2018\/02\/aerotermia-I-150x150.jpg\" class=\"attachment-thumbnail size-thumbnail\" alt=\"\" loading=\"lazy\" srcset=\"https:\/\/jospec.com\/wp-content\/uploads\/2018\/02\/aerotermia-I-150x150.jpg 150w, https:\/\/jospec.com\/wp-content\/uploads\/2018\/02\/aerotermia-I-300x300.jpg 300w, https:\/\/jospec.com\/wp-content\/uploads\/2018\/02\/aerotermia-I-100x100.jpg 100w\" sizes=\"(max-width: 150px) 100vw, 150px\" \/><\/a>\n\t\t\t<\/div><\/figure><figure class='gallery-item'>\n\t\t\t<div class='gallery-icon landscape'>\n\t\t\t\t<a href='https:\/\/jospec.com\/wp-content\/uploads\/2018\/02\/aerotermia-II.jpg'><img width=\"150\" height=\"150\" src=\"https:\/\/jospec.com\/wp-content\/uploads\/2018\/02\/aerotermia-II-150x150.jpg\" class=\"attachment-thumbnail size-thumbnail\" alt=\"\" loading=\"lazy\" srcset=\"https:\/\/jospec.com\/wp-content\/uploads\/2018\/02\/aerotermia-II-150x150.jpg 150w, https:\/\/jospec.com\/wp-content\/uploads\/2018\/02\/aerotermia-II-300x300.jpg 300w, https:\/\/jospec.com\/wp-content\/uploads\/2018\/02\/aerotermia-II-100x100.jpg 100w\" sizes=\"(max-width: 150px) 100vw, 150px\" \/><\/a>\n\t\t\t<\/div><\/figure><figure class='gallery-item'>\n\t\t\t<div class='gallery-icon portrait'>\n\t\t\t\t<a href='https:\/\/jospec.com\/wp-content\/uploads\/2018\/02\/aerotermia.jpg'><img width=\"150\" height=\"150\" src=\"https:\/\/jospec.com\/wp-content\/uploads\/2018\/02\/aerotermia-150x150.jpg\" class=\"attachment-thumbnail size-thumbnail\" alt=\"\" loading=\"lazy\" srcset=\"https:\/\/jospec.com\/wp-content\/uploads\/2018\/02\/aerotermia-150x150.jpg 150w, https:\/\/jospec.com\/wp-content\/uploads\/2018\/02\/aerotermia-300x300.jpg 300w, https:\/\/jospec.com\/wp-content\/uploads\/2018\/02\/aerotermia-100x100.jpg 100w\" sizes=\"(max-width: 150px) 100vw, 150px\" \/><\/a>\n\t\t\t<\/div><\/figure><figure class='gallery-item'>\n\t\t\t<div class='gallery-icon portrait'>\n\t\t\t\t<a href='https:\/\/jospec.com\/wp-content\/uploads\/2018\/02\/aerotermia-I-1.jpg'><img width=\"150\" height=\"150\" src=\"https:\/\/jospec.com\/wp-content\/uploads\/2018\/02\/aerotermia-I-1-150x150.jpg\" class=\"attachment-thumbnail size-thumbnail\" alt=\"\" loading=\"lazy\" srcset=\"https:\/\/jospec.com\/wp-content\/uploads\/2018\/02\/aerotermia-I-1-150x150.jpg 150w, https:\/\/jospec.com\/wp-content\/uploads\/2018\/02\/aerotermia-I-1-300x300.jpg 300w, https:\/\/jospec.com\/wp-content\/uploads\/2018\/02\/aerotermia-I-1-100x100.jpg 100w\" sizes=\"(max-width: 150px) 100vw, 150px\" \/><\/a>\n\t\t\t<\/div><\/figure><figure class='gallery-item'>\n\t\t\t<div class='gallery-icon portrait'>\n\t\t\t\t<a href='https:\/\/jospec.com\/wp-content\/uploads\/2021\/02\/III.jpg'><img width=\"150\" height=\"150\" src=\"https:\/\/jospec.com\/wp-content\/uploads\/2021\/02\/III-150x150.jpg\" class=\"attachment-thumbnail size-thumbnail\" alt=\"\" loading=\"lazy\" srcset=\"https:\/\/jospec.com\/wp-content\/uploads\/2021\/02\/III-150x150.jpg 150w, https:\/\/jospec.com\/wp-content\/uploads\/2021\/02\/III-300x300.jpg 300w, https:\/\/jospec.com\/wp-content\/uploads\/2021\/02\/III-100x100.jpg 100w\" sizes=\"(max-width: 150px) 100vw, 150px\" \/><\/a>\n\t\t\t<\/div><\/figure><figure class='gallery-item'>\n\t\t\t<div class='gallery-icon landscape'>\n\t\t\t\t<a href='https:\/\/jospec.com\/wp-content\/uploads\/2021\/02\/IV.jpg'><img width=\"150\" height=\"150\" src=\"https:\/\/jospec.com\/wp-content\/uploads\/2021\/02\/IV-150x150.jpg\" class=\"attachment-thumbnail size-thumbnail\" alt=\"\" loading=\"lazy\" srcset=\"https:\/\/jospec.com\/wp-content\/uploads\/2021\/02\/IV-150x150.jpg 150w, https:\/\/jospec.com\/wp-content\/uploads\/2021\/02\/IV-300x300.jpg 300w, https:\/\/jospec.com\/wp-content\/uploads\/2021\/02\/IV-100x100.jpg 100w\" sizes=\"(max-width: 150px) 100vw, 150px\" \/><\/a>\n\t\t\t<\/div><\/figure><figure class='gallery-item'>\n\t\t\t<div class='gallery-icon landscape'>\n\t\t\t\t<a href='https:\/\/jospec.com\/wp-content\/uploads\/2021\/02\/II.jpg'><img width=\"150\" height=\"150\" src=\"https:\/\/jospec.com\/wp-content\/uploads\/2021\/02\/II-150x150.jpg\" class=\"attachment-thumbnail size-thumbnail\" alt=\"\" loading=\"lazy\" srcset=\"https:\/\/jospec.com\/wp-content\/uploads\/2021\/02\/II-150x150.jpg 150w, https:\/\/jospec.com\/wp-content\/uploads\/2021\/02\/II-300x300.jpg 300w, https:\/\/jospec.com\/wp-content\/uploads\/2021\/02\/II-100x100.jpg 100w\" sizes=\"(max-width: 150px) 100vw, 150px\" \/><\/a>\n\t\t\t<\/div><\/figure>\n\t\t<\/div>\n<\/div><\/div><\/div><\/div>","protected":false},"excerpt":{"rendered":"<p>Instalaci\u00f3n y pre-instalaci\u00f3n de radiadores, Suele Radiando, calderas de gas\u00f3leo, etc&#8230;<\/p>\n","protected":false},"author":1,"featured_media":9281,"parent":3011,"menu_order":0,"comment_status":"closed","ping_status":"closed","template":"","meta":{"_mi_skip_tracking":false},"yoast_head":"<!-- This site is optimized with the Yoast SEO plugin v19.0 - https:\/\/yoast.com\/wordpress\/plugins\/seo\/ -->\n<title>Calefacci\u00f3n - JOSPEC Instal\u00b7lacions<\/title>\n<meta name=\"robots\" content=\"index, follow, max-snippet:-1, max-image-preview:large, max-video-preview:-1\" \/>\n<link rel=\"canonical\" href=\"https:\/\/jospec.com\/es\/servicios\/calefaccion\/\" \/>\n<meta property=\"og:locale\" content=\"es_ES\" \/>\n<meta property=\"og:type\" content=\"article\" \/>\n<meta property=\"og:title\" content=\"Calefacci\u00f3n - JOSPEC Instal\u00b7lacions\" \/>\n<meta property=\"og:description\" content=\"Instalaci\u00f3n y pre-instalaci\u00f3n de radiadores, Suele Radiando, calderas de gas\u00f3leo, etc...\" \/>\n<meta property=\"og:url\" content=\"https:\/\/jospec.com\/es\/servicios\/calefaccion\/\" \/>\n<meta property=\"og:site_name\" content=\"JOSPEC Instal\u00b7lacions\" \/>\n<meta property=\"article:modified_time\" content=\"2021-02-26T19:13:13+00:00\" \/>\n<meta property=\"og:image\" content=\"https:\/\/jospec.com\/wp-content\/uploads\/2020\/07\/RET.-1.jpeg\" \/>\n\t<meta property=\"og:image:width\" content=\"1017\" \/>\n\t<meta property=\"og:image:height\" content=\"563\" \/>\n\t<meta property=\"og:image:type\" content=\"image\/jpeg\" \/>\n<meta name=\"twitter:card\" content=\"summary\" \/>\n<meta name=\"twitter:label1\" content=\"Tiempo de lectura\" \/>\n\t<meta name=\"twitter:data1\" content=\"1 minuto\" \/>\n<script type=\"application\/ld+json\" class=\"yoast-schema-graph\">{\"@context\":\"https:\/\/schema.org\",\"@graph\":[{\"@type\":\"Organization\",\"@id\":\"https:\/\/jospec.com\/#organization\",\"name\":\"Jospec Instal\u00b7lacions\",\"url\":\"https:\/\/jospec.com\/\",\"sameAs\":[],\"logo\":{\"@type\":\"ImageObject\",\"inLanguage\":\"es\",\"@id\":\"https:\/\/jospec.com\/#\/schema\/logo\/image\/\",\"url\":\"https:\/\/jospec.com\/wp-content\/uploads\/2016\/11\/logo_jospec.png\",\"contentUrl\":\"https:\/\/jospec.com\/wp-content\/uploads\/2016\/11\/logo_jospec.png\",\"width\":1042,\"height\":1130,\"caption\":\"Jospec Instal\u00b7lacions\"},\"image\":{\"@id\":\"https:\/\/jospec.com\/#\/schema\/logo\/image\/\"}},{\"@type\":\"WebSite\",\"@id\":\"https:\/\/jospec.com\/#website\",\"url\":\"https:\/\/jospec.com\/\",\"name\":\"JOSPEC Instal\u00b7lacions\",\"description\":\"Altre lloc gestionat amb el WordPress\",\"publisher\":{\"@id\":\"https:\/\/jospec.com\/#organization\"},\"potentialAction\":[{\"@type\":\"SearchAction\",\"target\":{\"@type\":\"EntryPoint\",\"urlTemplate\":\"https:\/\/jospec.com\/?s={search_term_string}\"},\"query-input\":\"required name=search_term_string\"}],\"inLanguage\":\"es\"},{\"@type\":\"ImageObject\",\"inLanguage\":\"es\",\"@id\":\"https:\/\/jospec.com\/es\/servicios\/calefaccion\/#primaryimage\",\"url\":\"https:\/\/jospec.com\/wp-content\/uploads\/2020\/07\/RET.-1.jpeg\",\"contentUrl\":\"https:\/\/jospec.com\/wp-content\/uploads\/2020\/07\/RET.-1.jpeg\",\"width\":1017,\"height\":563},{\"@type\":\"WebPage\",\"@id\":\"https:\/\/jospec.com\/es\/servicios\/calefaccion\/#webpage\",\"url\":\"https:\/\/jospec.com\/es\/servicios\/calefaccion\/\",\"name\":\"Calefacci\u00f3n - JOSPEC Instal\u00b7lacions\",\"isPartOf\":{\"@id\":\"https:\/\/jospec.com\/#website\"},\"primaryImageOfPage\":{\"@id\":\"https:\/\/jospec.com\/es\/servicios\/calefaccion\/#primaryimage\"},\"datePublished\":\"2017-05-26T08:08:06+00:00\",\"dateModified\":\"2021-02-26T19:13:13+00:00\",\"breadcrumb\":{\"@id\":\"https:\/\/jospec.com\/es\/servicios\/calefaccion\/#breadcrumb\"},\"inLanguage\":\"es\",\"potentialAction\":[{\"@type\":\"ReadAction\",\"target\":[\"https:\/\/jospec.com\/es\/servicios\/calefaccion\/\"]}]},{\"@type\":\"BreadcrumbList\",\"@id\":\"https:\/\/jospec.com\/es\/servicios\/calefaccion\/#breadcrumb\",\"itemListElement\":[{\"@type\":\"ListItem\",\"position\":1,\"name\":\"Inici\",\"item\":\"https:\/\/jospec.com\/es\/\"},{\"@type\":\"ListItem\",\"position\":2,\"name\":\"Servicios\",\"item\":\"https:\/\/jospec.com\/es\/servicios\/\"},{\"@type\":\"ListItem\",\"position\":3,\"name\":\"Calefacci\u00f3n\"}]}]}<\/script>\n<!-- \/ Yoast SEO plugin. -->","yoast_head_json":{"title":"Calefacci\u00f3n - JOSPEC Instal\u00b7lacions","robots":{"index":"index","follow":"follow","max-snippet":"max-snippet:-1","max-image-preview":"max-image-preview:large","max-video-preview":"max-video-preview:-1"},"canonical":"https:\/\/jospec.com\/es\/servicios\/calefaccion\/","og_locale":"es_ES","og_type":"article","og_title":"Calefacci\u00f3n - JOSPEC Instal\u00b7lacions","og_description":"Instalaci\u00f3n y pre-instalaci\u00f3n de radiadores, Suele Radiando, calderas de gas\u00f3leo, etc...","og_url":"https:\/\/jospec.com\/es\/servicios\/calefaccion\/","og_site_name":"JOSPEC Instal\u00b7lacions","article_modified_time":"2021-02-26T19:13:13+00:00","og_image":[{"width":1017,"height":563,"url":"https:\/\/jospec.com\/wp-content\/uploads\/2020\/07\/RET.-1.jpeg","type":"image\/jpeg"}],"twitter_card":"summary","twitter_misc":{"Tiempo de lectura":"1 minuto"},"schema":{"@context":"https:\/\/schema.org","@graph":[{"@type":"Organization","@id":"https:\/\/jospec.com\/#organization","name":"Jospec Instal\u00b7lacions","url":"https:\/\/jospec.com\/","sameAs":[],"logo":{"@type":"ImageObject","inLanguage":"es","@id":"https:\/\/jospec.com\/#\/schema\/logo\/image\/","url":"https:\/\/jospec.com\/wp-content\/uploads\/2016\/11\/logo_jospec.png","contentUrl":"https:\/\/jospec.com\/wp-content\/uploads\/2016\/11\/logo_jospec.png","width":1042,"height":1130,"caption":"Jospec Instal\u00b7lacions"},"image":{"@id":"https:\/\/jospec.com\/#\/schema\/logo\/image\/"}},{"@type":"WebSite","@id":"https:\/\/jospec.com\/#website","url":"https:\/\/jospec.com\/","name":"JOSPEC Instal\u00b7lacions","description":"Altre lloc gestionat amb el WordPress","publisher":{"@id":"https:\/\/jospec.com\/#organization"},"potentialAction":[{"@type":"SearchAction","target":{"@type":"EntryPoint","urlTemplate":"https:\/\/jospec.com\/?s={search_term_string}"},"query-input":"required name=search_term_string"}],"inLanguage":"es"},{"@type":"ImageObject","inLanguage":"es","@id":"https:\/\/jospec.com\/es\/servicios\/calefaccion\/#primaryimage","url":"https:\/\/jospec.com\/wp-content\/uploads\/2020\/07\/RET.-1.jpeg","contentUrl":"https:\/\/jospec.com\/wp-content\/uploads\/2020\/07\/RET.-1.jpeg","width":1017,"height":563},{"@type":"WebPage","@id":"https:\/\/jospec.com\/es\/servicios\/calefaccion\/#webpage","url":"https:\/\/jospec.com\/es\/servicios\/calefaccion\/","name":"Calefacci\u00f3n - JOSPEC Instal\u00b7lacions","isPartOf":{"@id":"https:\/\/jospec.com\/#website"},"primaryImageOfPage":{"@id":"https:\/\/jospec.com\/es\/servicios\/calefaccion\/#primaryimage"},"datePublished":"2017-05-26T08:08:06+00:00","dateModified":"2021-02-26T19:13:13+00:00","breadcrumb":{"@id":"https:\/\/jospec.com\/es\/servicios\/calefaccion\/#breadcrumb"},"inLanguage":"es","potentialAction":[{"@type":"ReadAction","target":["https:\/\/jospec.com\/es\/servicios\/calefaccion\/"]}]},{"@type":"BreadcrumbList","@id":"https:\/\/jospec.com\/es\/servicios\/calefaccion\/#breadcrumb","itemListElement":[{"@type":"ListItem","position":1,"name":"Inici","item":"https:\/\/jospec.com\/es\/"},{"@type":"ListItem","position":2,"name":"Servicios","item":"https:\/\/jospec.com\/es\/servicios\/"},{"@type":"ListItem","position":3,"name":"Calefacci\u00f3n"}]}]}},"_links":{"self":[{"href":"https:\/\/jospec.com\/es\/wp-json\/wp\/v2\/pages\/3023"}],"collection":[{"href":"https:\/\/jospec.com\/es\/wp-json\/wp\/v2\/pages"}],"about":[{"href":"https:\/\/jospec.com\/es\/wp-json\/wp\/v2\/types\/page"}],"author":[{"embeddable":true,"href":"https:\/\/jospec.com\/es\/wp-json\/wp\/v2\/users\/1"}],"replies":[{"embeddable":true,"href":"https:\/\/jospec.com\/es\/wp-json\/wp\/v2\/comments?post=3023"}],"version-history":[{"count":0,"href":"https:\/\/jospec.com\/es\/wp-json\/wp\/v2\/pages\/3023\/revisions"}],"up":[{"embeddable":true,"href":"https:\/\/jospec.com\/es\/wp-json\/wp\/v2\/pages\/3011"}],"wp:featuredmedia":[{"embeddable":true,"href":"https:\/\/jospec.com\/es\/wp-json\/wp\/v2\/media\/9281"}],"wp:attachment":[{"href":"https:\/\/jospec.com\/es\/wp-json\/wp\/v2\/media?parent=3023"}],"curies":[{"name":"wp","href":"https:\/\/api.w.org\/{rel}","templated":true}]}}