{"id":3018,"date":"2017-05-26T08:20:09","date_gmt":"2017-05-26T08:20:09","guid":{"rendered":"http:\/\/jospec.com\/servicios\/aire-condicionat\/"},"modified":"2022-11-10T12:25:58","modified_gmt":"2022-11-10T12:25:58","slug":"aire-acondicionado","status":"publish","type":"page","link":"https:\/\/jospec.com\/es\/servicios\/aire-acondicionado\/","title":{"rendered":"Aire Acondicionado"},"content":{"rendered":"<div id=\"pl-3018\"  class=\"panel-layout\" ><div id=\"pg-3018-0\"  class=\"panel-grid panel-no-style\" ><div id=\"pgc-3018-0-0\"  class=\"panel-grid-cell\" ><div id=\"panel-3018-0-0-0\" class=\"so-panel widget widget_black-studio-tinymce widget_black_studio_tinymce panel-first-child panel-last-child\" data-index=\"0\" ><div class=\"textwidget\"><p>La instalaci\u00f3n del Aire acondicionado, consiste en poder regular algunas de las siguientes condiciones:<\/p>\n<ul>\n<li>Temperatura<\/li>\n<li>Humedad<\/li>\n<li>Limpieza<\/li>\n<li>Renovaci\u00f3n<\/li>\n<li>Filtraje<\/li>\n<\/ul>\n<p>En definitiva, lo que se busca con el aire acondicionado, es dar movimiento al aire dentro de un espacio cerrado y facilitar la opci\u00f3n de graduar la temperatura a nuestro gusto.<\/p>\n<p>La instalaci\u00f3n o\u00a0pre-instalaci\u00f3n\u00a0de este servicio se puede hacer :<\/p>\n<ul>\n<li>Por conductos<\/li>\n<li>Bomba de fr\u00edo y calor<\/li>\n<\/ul>\n<p>Los servicios que nuestra empresa ofrece son:<\/p>\n<ul>\n<li>Instalaci\u00f3n y\u00a0pre-instalaci\u00f3n\u00a0de m\u00e1quinas Aire acondicionado<\/li>\n<li>Cargas de gas<\/li>\n<li>Reparaci\u00f3n de Aires acondicionados<\/li>\n<li>Limpieza y cambio de filtros, etc...<\/li>\n<\/ul>\n<p>Trabajamos con las marcas m\u00e1s reconocidas y eficientes del mercado actual, ajustados siempre al inter\u00e9s de nuestros clientes.<\/p>\n<p>Nuestra empresa se dedica a la fabricaci\u00f3n y\u00a0montaje de sus propios conductos de Aire acondicionado.<\/p>\n<\/div><\/div><\/div><div id=\"pgc-3018-0-1\"  class=\"panel-grid-cell\" ><div id=\"panel-3018-0-1-0\" class=\"so-panel widget widget_media_gallery panel-first-child panel-last-child\" data-index=\"1\" ><div id='gallery-1' class='gallery galleryid-0 gallery-columns-3 gallery-size-thumbnail'><figure class='gallery-item'>\n\t\t\t<div class='gallery-icon landscape'>\n\t\t\t\t<a href='https:\/\/jospec.com\/wp-content\/uploads\/2022\/11\/climatitzacio.jpeg'><img width=\"150\" height=\"150\" src=\"https:\/\/jospec.com\/wp-content\/uploads\/2022\/11\/climatitzacio-150x150.jpeg\" class=\"attachment-thumbnail size-thumbnail\" alt=\"\" loading=\"lazy\" srcset=\"https:\/\/jospec.com\/wp-content\/uploads\/2022\/11\/climatitzacio-150x150.jpeg 150w, https:\/\/jospec.com\/wp-content\/uploads\/2022\/11\/climatitzacio-300x300.jpeg 300w, https:\/\/jospec.com\/wp-content\/uploads\/2022\/11\/climatitzacio.jpeg 1024w, https:\/\/jospec.com\/wp-content\/uploads\/2022\/11\/climatitzacio-768x768.jpeg 768w, https:\/\/jospec.com\/wp-content\/uploads\/2022\/11\/climatitzacio-555x555.jpeg 555w, https:\/\/jospec.com\/wp-content\/uploads\/2022\/11\/climatitzacio-600x600.jpeg 600w, https:\/\/jospec.com\/wp-content\/uploads\/2022\/11\/climatitzacio-100x100.jpeg 100w\" sizes=\"(max-width: 150px) 100vw, 150px\" \/><\/a>\n\t\t\t<\/div><\/figure><figure class='gallery-item'>\n\t\t\t<div class='gallery-icon landscape'>\n\t\t\t\t<a href='https:\/\/jospec.com\/wp-content\/uploads\/2019\/09\/iluminacio-de.jpg'><img width=\"150\" height=\"150\" src=\"https:\/\/jospec.com\/wp-content\/uploads\/2019\/09\/iluminacio-de-150x150.jpg\" class=\"attachment-thumbnail size-thumbnail\" alt=\"\" loading=\"lazy\" \/><\/a>\n\t\t\t<\/div><\/figure><figure class='gallery-item'>\n\t\t\t<div class='gallery-icon portrait'>\n\t\t\t\t<a href='https:\/\/jospec.com\/wp-content\/uploads\/2018\/01\/aire-tipo-split-e1516989122808.jpg'><img width=\"150\" height=\"150\" src=\"https:\/\/jospec.com\/wp-content\/uploads\/2018\/01\/aire-tipo-split-e1516989086994-150x150.jpg\" class=\"attachment-thumbnail size-thumbnail\" alt=\"\" loading=\"lazy\" aria-describedby=\"gallery-1-4520\" \/><\/a>\n\t\t\t<\/div>\n\t\t\t\t<figcaption class='wp-caption-text gallery-caption' id='gallery-1-4520'>\n\t\t\t\tBOMBA CALOR I FRED\n\t\t\t\t<\/figcaption><\/figure><figure class='gallery-item'>\n\t\t\t<div class='gallery-icon landscape'>\n\t\t\t\t<a href='https:\/\/jospec.com\/wp-content\/uploads\/2018\/02\/aire-condicionat-cassette.jpg'><img width=\"150\" height=\"150\" src=\"https:\/\/jospec.com\/wp-content\/uploads\/2018\/02\/aire-condicionat-cassette-150x150.jpg\" class=\"attachment-thumbnail size-thumbnail\" alt=\"\" loading=\"lazy\" aria-describedby=\"gallery-1-4531\" srcset=\"https:\/\/jospec.com\/wp-content\/uploads\/2018\/02\/aire-condicionat-cassette-150x150.jpg 150w, https:\/\/jospec.com\/wp-content\/uploads\/2018\/02\/aire-condicionat-cassette-300x300.jpg 300w, https:\/\/jospec.com\/wp-content\/uploads\/2018\/02\/aire-condicionat-cassette-100x100.jpg 100w\" sizes=\"(max-width: 150px) 100vw, 150px\" \/><\/a>\n\t\t\t<\/div>\n\t\t\t\t<figcaption class='wp-caption-text gallery-caption' id='gallery-1-4531'>\n\t\t\t\tCASSETTE\n\t\t\t\t<\/figcaption><\/figure>\n\t\t<\/div>\n<\/div><\/div><\/div><\/div>","protected":false},"excerpt":{"rendered":"<p>Instalaci\u00f3n y pre-instalaci\u00f3n de m\u00e1quinas Aire acondicionado, cargas de gas, etc&#8230;<\/p>\n","protected":false},"author":1,"featured_media":2815,"parent":3011,"menu_order":0,"comment_status":"closed","ping_status":"closed","template":"","meta":{"_mi_skip_tracking":false},"yoast_head":"<!-- This site is optimized with the Yoast SEO plugin v19.0 - https:\/\/yoast.com\/wordpress\/plugins\/seo\/ -->\n<title>Aire Acondicionado - JOSPEC Instal\u00b7lacions<\/title>\n<meta name=\"robots\" content=\"index, follow, max-snippet:-1, max-image-preview:large, max-video-preview:-1\" \/>\n<link rel=\"canonical\" href=\"https:\/\/jospec.com\/es\/servicios\/aire-acondicionado\/\" \/>\n<meta property=\"og:locale\" content=\"es_ES\" \/>\n<meta property=\"og:type\" content=\"article\" \/>\n<meta property=\"og:title\" content=\"Aire Acondicionado - JOSPEC Instal\u00b7lacions\" \/>\n<meta property=\"og:description\" content=\"Instalaci\u00f3n y pre-instalaci\u00f3n de m\u00e1quinas Aire acondicionado, cargas de gas, etc...\" \/>\n<meta property=\"og:url\" content=\"https:\/\/jospec.com\/es\/servicios\/aire-acondicionado\/\" \/>\n<meta property=\"og:site_name\" content=\"JOSPEC Instal\u00b7lacions\" \/>\n<meta property=\"article:modified_time\" content=\"2022-11-10T12:25:58+00:00\" \/>\n<meta property=\"og:image\" content=\"https:\/\/jospec.com\/wp-content\/uploads\/2018\/02\/aire-condicionat-cassette.jpg\" \/>\n\t<meta property=\"og:image:width\" content=\"960\" \/>\n\t<meta property=\"og:image:height\" content=\"540\" \/>\n\t<meta property=\"og:image:type\" content=\"image\/jpeg\" \/>\n<meta name=\"twitter:card\" content=\"summary\" \/>\n<meta name=\"twitter:label1\" content=\"Tiempo de lectura\" \/>\n\t<meta name=\"twitter:data1\" content=\"1 minuto\" \/>\n<script type=\"application\/ld+json\" class=\"yoast-schema-graph\">{\"@context\":\"https:\/\/schema.org\",\"@graph\":[{\"@type\":\"Organization\",\"@id\":\"https:\/\/jospec.com\/#organization\",\"name\":\"Jospec Instal\u00b7lacions\",\"url\":\"https:\/\/jospec.com\/\",\"sameAs\":[],\"logo\":{\"@type\":\"ImageObject\",\"inLanguage\":\"es\",\"@id\":\"https:\/\/jospec.com\/#\/schema\/logo\/image\/\",\"url\":\"https:\/\/jospec.com\/wp-content\/uploads\/2016\/11\/logo_jospec.png\",\"contentUrl\":\"https:\/\/jospec.com\/wp-content\/uploads\/2016\/11\/logo_jospec.png\",\"width\":1042,\"height\":1130,\"caption\":\"Jospec Instal\u00b7lacions\"},\"image\":{\"@id\":\"https:\/\/jospec.com\/#\/schema\/logo\/image\/\"}},{\"@type\":\"WebSite\",\"@id\":\"https:\/\/jospec.com\/#website\",\"url\":\"https:\/\/jospec.com\/\",\"name\":\"JOSPEC Instal\u00b7lacions\",\"description\":\"Altre lloc gestionat amb el WordPress\",\"publisher\":{\"@id\":\"https:\/\/jospec.com\/#organization\"},\"potentialAction\":[{\"@type\":\"SearchAction\",\"target\":{\"@type\":\"EntryPoint\",\"urlTemplate\":\"https:\/\/jospec.com\/?s={search_term_string}\"},\"query-input\":\"required name=search_term_string\"}],\"inLanguage\":\"es\"},{\"@type\":\"ImageObject\",\"inLanguage\":\"es\",\"@id\":\"https:\/\/jospec.com\/es\/servicios\/aire-acondicionado\/#primaryimage\",\"url\":\"https:\/\/jospec.com\/wp-content\/uploads\/2018\/02\/aire-condicionat-cassette.jpg\",\"contentUrl\":\"https:\/\/jospec.com\/wp-content\/uploads\/2018\/02\/aire-condicionat-cassette.jpg\",\"width\":960,\"height\":540,\"caption\":\"CASSETTE\"},{\"@type\":\"WebPage\",\"@id\":\"https:\/\/jospec.com\/es\/servicios\/aire-acondicionado\/#webpage\",\"url\":\"https:\/\/jospec.com\/es\/servicios\/aire-acondicionado\/\",\"name\":\"Aire Acondicionado - JOSPEC Instal\u00b7lacions\",\"isPartOf\":{\"@id\":\"https:\/\/jospec.com\/#website\"},\"primaryImageOfPage\":{\"@id\":\"https:\/\/jospec.com\/es\/servicios\/aire-acondicionado\/#primaryimage\"},\"datePublished\":\"2017-05-26T08:20:09+00:00\",\"dateModified\":\"2022-11-10T12:25:58+00:00\",\"breadcrumb\":{\"@id\":\"https:\/\/jospec.com\/es\/servicios\/aire-acondicionado\/#breadcrumb\"},\"inLanguage\":\"es\",\"potentialAction\":[{\"@type\":\"ReadAction\",\"target\":[\"https:\/\/jospec.com\/es\/servicios\/aire-acondicionado\/\"]}]},{\"@type\":\"BreadcrumbList\",\"@id\":\"https:\/\/jospec.com\/es\/servicios\/aire-acondicionado\/#breadcrumb\",\"itemListElement\":[{\"@type\":\"ListItem\",\"position\":1,\"name\":\"Inici\",\"item\":\"https:\/\/jospec.com\/es\/\"},{\"@type\":\"ListItem\",\"position\":2,\"name\":\"Servicios\",\"item\":\"https:\/\/jospec.com\/es\/servicios\/\"},{\"@type\":\"ListItem\",\"position\":3,\"name\":\"Aire Acondicionado\"}]}]}<\/script>\n<!-- \/ Yoast SEO plugin. -->","yoast_head_json":{"title":"Aire Acondicionado - JOSPEC Instal\u00b7lacions","robots":{"index":"index","follow":"follow","max-snippet":"max-snippet:-1","max-image-preview":"max-image-preview:large","max-video-preview":"max-video-preview:-1"},"canonical":"https:\/\/jospec.com\/es\/servicios\/aire-acondicionado\/","og_locale":"es_ES","og_type":"article","og_title":"Aire Acondicionado - JOSPEC Instal\u00b7lacions","og_description":"Instalaci\u00f3n y pre-instalaci\u00f3n de m\u00e1quinas Aire acondicionado, cargas de gas, etc...","og_url":"https:\/\/jospec.com\/es\/servicios\/aire-acondicionado\/","og_site_name":"JOSPEC Instal\u00b7lacions","article_modified_time":"2022-11-10T12:25:58+00:00","og_image":[{"width":960,"height":540,"url":"https:\/\/jospec.com\/wp-content\/uploads\/2018\/02\/aire-condicionat-cassette.jpg","type":"image\/jpeg"}],"twitter_card":"summary","twitter_misc":{"Tiempo de lectura":"1 minuto"},"schema":{"@context":"https:\/\/schema.org","@graph":[{"@type":"Organization","@id":"https:\/\/jospec.com\/#organization","name":"Jospec Instal\u00b7lacions","url":"https:\/\/jospec.com\/","sameAs":[],"logo":{"@type":"ImageObject","inLanguage":"es","@id":"https:\/\/jospec.com\/#\/schema\/logo\/image\/","url":"https:\/\/jospec.com\/wp-content\/uploads\/2016\/11\/logo_jospec.png","contentUrl":"https:\/\/jospec.com\/wp-content\/uploads\/2016\/11\/logo_jospec.png","width":1042,"height":1130,"caption":"Jospec Instal\u00b7lacions"},"image":{"@id":"https:\/\/jospec.com\/#\/schema\/logo\/image\/"}},{"@type":"WebSite","@id":"https:\/\/jospec.com\/#website","url":"https:\/\/jospec.com\/","name":"JOSPEC Instal\u00b7lacions","description":"Altre lloc gestionat amb el WordPress","publisher":{"@id":"https:\/\/jospec.com\/#organization"},"potentialAction":[{"@type":"SearchAction","target":{"@type":"EntryPoint","urlTemplate":"https:\/\/jospec.com\/?s={search_term_string}"},"query-input":"required name=search_term_string"}],"inLanguage":"es"},{"@type":"ImageObject","inLanguage":"es","@id":"https:\/\/jospec.com\/es\/servicios\/aire-acondicionado\/#primaryimage","url":"https:\/\/jospec.com\/wp-content\/uploads\/2018\/02\/aire-condicionat-cassette.jpg","contentUrl":"https:\/\/jospec.com\/wp-content\/uploads\/2018\/02\/aire-condicionat-cassette.jpg","width":960,"height":540,"caption":"CASSETTE"},{"@type":"WebPage","@id":"https:\/\/jospec.com\/es\/servicios\/aire-acondicionado\/#webpage","url":"https:\/\/jospec.com\/es\/servicios\/aire-acondicionado\/","name":"Aire Acondicionado - JOSPEC Instal\u00b7lacions","isPartOf":{"@id":"https:\/\/jospec.com\/#website"},"primaryImageOfPage":{"@id":"https:\/\/jospec.com\/es\/servicios\/aire-acondicionado\/#primaryimage"},"datePublished":"2017-05-26T08:20:09+00:00","dateModified":"2022-11-10T12:25:58+00:00","breadcrumb":{"@id":"https:\/\/jospec.com\/es\/servicios\/aire-acondicionado\/#breadcrumb"},"inLanguage":"es","potentialAction":[{"@type":"ReadAction","target":["https:\/\/jospec.com\/es\/servicios\/aire-acondicionado\/"]}]},{"@type":"BreadcrumbList","@id":"https:\/\/jospec.com\/es\/servicios\/aire-acondicionado\/#breadcrumb","itemListElement":[{"@type":"ListItem","position":1,"name":"Inici","item":"https:\/\/jospec.com\/es\/"},{"@type":"ListItem","position":2,"name":"Servicios","item":"https:\/\/jospec.com\/es\/servicios\/"},{"@type":"ListItem","position":3,"name":"Aire Acondicionado"}]}]}},"_links":{"self":[{"href":"https:\/\/jospec.com\/es\/wp-json\/wp\/v2\/pages\/3018"}],"collection":[{"href":"https:\/\/jospec.com\/es\/wp-json\/wp\/v2\/pages"}],"about":[{"href":"https:\/\/jospec.com\/es\/wp-json\/wp\/v2\/types\/page"}],"author":[{"embeddable":true,"href":"https:\/\/jospec.com\/es\/wp-json\/wp\/v2\/users\/1"}],"replies":[{"embeddable":true,"href":"https:\/\/jospec.com\/es\/wp-json\/wp\/v2\/comments?post=3018"}],"version-history":[{"count":0,"href":"https:\/\/jospec.com\/es\/wp-json\/wp\/v2\/pages\/3018\/revisions"}],"up":[{"embeddable":true,"href":"https:\/\/jospec.com\/es\/wp-json\/wp\/v2\/pages\/3011"}],"wp:featuredmedia":[{"embeddable":true,"href":"https:\/\/jospec.com\/es\/wp-json\/wp\/v2\/media\/2815"}],"wp:attachment":[{"href":"https:\/\/jospec.com\/es\/wp-json\/wp\/v2\/media?parent=3018"}],"curies":[{"name":"wp","href":"https:\/\/api.w.org\/{rel}","templated":true}]}}