{"id":2990,"date":"2014-10-20T12:48:29","date_gmt":"2014-10-20T12:48:29","guid":{"rendered":"http:\/\/jospec.com\/contacta\/"},"modified":"2023-01-17T16:43:14","modified_gmt":"2023-01-17T16:43:14","slug":"contacta","status":"publish","type":"page","link":"https:\/\/jospec.com\/es\/contacta\/","title":{"rendered":"Contacto"},"content":{"rendered":"<div id=\"pl-2990\"  class=\"panel-layout\" ><\/div><\/div><div id=\"pg-2990-0\"  class=\"panel-grid panel-has-style\" ><div class=\"wide-boxed panel-row-style panel-row-style-for-2990-0\" ><div id=\"pgc-2990-0-0\"  class=\"panel-grid-cell\" >\n\t\t\t<div id=\"panel-2990-0-0-0\" class=\"so-panel widget widget_pt_google_map panel-first-child panel-last-child\" data-index=\"0\" >\t\t\t\t<div\n\t\t\t\t\tclass=\"simple-map  js-where-we-are\"\n\t\t\t\t\tdata-latlng=\"40.7438723,0.6155889999999999\"\n\t\t\t\t\tdata-markers=\"[{&quot;title&quot;:&quot;Jospec Instal\\u00b7lacions&quot;,&quot;locationlatlng&quot;:&quot;40.7438723,0.6155889999999999&quot;,&quot;custompinimage&quot;:&quot;&quot;,&quot;id&quot;:&quot;1&quot;}]\"\n\t\t\t\t\tdata-zoom=\"12\"\n\t\t\t\t\tdata-type=\"roadmap\"\n\t\t\t\t\tdata-style=\"[{&quot;featureType&quot;:&quot;landscape&quot;,&quot;stylers&quot;:[{&quot;saturation&quot;:-100},{&quot;lightness&quot;:65},{&quot;visibility&quot;:&quot;on&quot;}]},{&quot;featureType&quot;:&quot;poi&quot;,&quot;stylers&quot;:[{&quot;saturation&quot;:-100},{&quot;lightness&quot;:51},{&quot;visibility&quot;:&quot;simplified&quot;}]},{&quot;featureType&quot;:&quot;road.highway&quot;,&quot;stylers&quot;:[{&quot;saturation&quot;:-100},{&quot;visibility&quot;:&quot;simplified&quot;}]},{&quot;featureType&quot;:&quot;road.arterial&quot;,&quot;stylers&quot;:[{&quot;saturation&quot;:-100},{&quot;lightness&quot;:30},{&quot;visibility&quot;:&quot;on&quot;}]},{&quot;featureType&quot;:&quot;road.local&quot;,&quot;stylers&quot;:[{&quot;saturation&quot;:-100},{&quot;lightness&quot;:40},{&quot;visibility&quot;:&quot;on&quot;}]},{&quot;featureType&quot;:&quot;transit&quot;,&quot;stylers&quot;:[{&quot;saturation&quot;:-100},{&quot;visibility&quot;:&quot;simplified&quot;}]},{&quot;featureType&quot;:&quot;administrative.province&quot;,&quot;stylers&quot;:[{&quot;visibility&quot;:&quot;off&quot;}]},{&quot;featureType&quot;:&quot;water&quot;,&quot;elementType&quot;:&quot;labels&quot;,&quot;stylers&quot;:[{&quot;visibility&quot;:&quot;on&quot;},{&quot;lightness&quot;:-25},{&quot;saturation&quot;:-100}]},{&quot;featureType&quot;:&quot;water&quot;,&quot;elementType&quot;:&quot;geometry&quot;,&quot;stylers&quot;:[{&quot;hue&quot;:&quot;#ffff00&quot;},{&quot;lightness&quot;:-25},{&quot;saturation&quot;:-97}]}]\"\n\t\t\t\t\tstyle=\"height: 380px;\"\n\t\t\t\t><\/div>\n\t\t\t<\/div>\n\t\t\t<\/div><\/div><\/div><div class=\"container\"><div><div id=\"pg-2990-1\"  class=\"panel-grid panel-no-style\" ><div id=\"pgc-2990-1-0\"  class=\"panel-grid-cell\" ><div id=\"panel-2990-1-0-0\" class=\"so-panel widget widget_text panel-first-child\" data-index=\"1\" >\t\t\t<div class=\"textwidget\"><\/div>\n\t\t<\/div><div id=\"panel-2990-1-0-1\" class=\"so-panel widget widget_text panel-last-child\" data-index=\"2\" ><h3 class=\"widget-title\">Cont\u00e1ctanos<\/h3>\t\t\t<div class=\"textwidget\"><\/div>\n\t\t<\/div><\/div><\/div><div id=\"pg-2990-2\"  class=\"panel-grid panel-no-style\" ><div id=\"pgc-2990-2-0\"  class=\"panel-grid-cell\" ><div id=\"panel-2990-2-0-0\" class=\"so-panel widget widget_text panel-first-child\" data-index=\"3\" >\t\t\t<div class=\"textwidget\"><span class=\"icon-container\"><span class=\"fa fa-home\"><\/span><\/span> <b>Instal\u00b7lacions Jospec<\/b><br>\nAv. Catalunya, 159<br>\n43896 l'Aldea<br><br>\n<span class=\"icon-container\"><span class=\"fa fa-phone\"><\/span><\/span> <b>977 279 275<\/b><br>\n<span class=\"icon-container\"><span class=\"fa fa-mobile\"><\/span><\/span> <b>678 757 639<\/b><br>\n<span class=\"icon-container\"><span class=\"fa fa-envelope\"><\/span><\/span> <a href=\"mailto:info@jospec.com\">info@jospec.com<\/a><br><br>\n<span class=\"icon-container\"><span class=\"fa fa-home\"><\/span><\/span> <b>Persona de Contacto:<\/b> \u00c0ngels <br>\n<span class=\"icon-container\"><span class=\"fa fa-home\"><\/span><\/span> <b>Horario Comercial<\/b><br>\nLunes a Viernes de 10h a 14h<br>\nTardes y s\u00e1bados: Visitas Concertadas<br>\n<\/div>\n\t\t<\/div><div id=\"panel-2990-2-0-1\" class=\"so-panel widget widget_pt_social_icons widget-social-icons panel-last-child\" data-index=\"4\" >\t\t\t\t<a class=\"social-icons__link\" href=\"https:\/\/www.facebook.com\/Jospec-installacions-634514590070631\/\" target=\"_blank\"><i class=\"fa  fa-facebook\"><\/i><\/a>\n\t\t\t\t\t\t\t<a class=\"social-icons__link\" href=\"https:\/\/instagram.com\/jospecinstallacions\" target=\"_blank\"><i class=\"fa  fa-instagram\"><\/i><\/a>\n\t\t\t<\/div><\/div><div id=\"pgc-2990-2-1\"  class=\"panel-grid-cell\" ><div id=\"panel-2990-2-1-0\" class=\"so-panel widget widget_text panel-first-child panel-last-child\" data-index=\"5\" >\t\t\t<div class=\"textwidget\"><div role=\"form\" class=\"wpcf7\" id=\"wpcf7-f2992-o1\" lang=\"ca\" dir=\"ltr\">\n<div class=\"screen-reader-response\"><p role=\"status\" aria-live=\"polite\" aria-atomic=\"true\"><\/p> <ul><\/ul><\/div>\n<form action=\"\/es\/wp-json\/wp\/v2\/pages\/2990#wpcf7-f2992-o1\" method=\"post\" class=\"wpcf7-form init wpcf7-acceptance-as-validation\" novalidate=\"novalidate\" data-status=\"init\">\n<div style=\"display: none;\">\n<input type=\"hidden\" name=\"_wpcf7\" value=\"2992\" \/>\n<input type=\"hidden\" name=\"_wpcf7_version\" value=\"5.5.6.1\" \/>\n<input type=\"hidden\" name=\"_wpcf7_locale\" value=\"ca\" \/>\n<input type=\"hidden\" name=\"_wpcf7_unit_tag\" value=\"wpcf7-f2992-o1\" \/>\n<input type=\"hidden\" name=\"_wpcf7_container_post\" value=\"0\" \/>\n<input type=\"hidden\" name=\"_wpcf7_posted_data_hash\" value=\"\" \/>\n<input type=\"hidden\" name=\"_wpcf7_recaptcha_response\" value=\"\" \/>\n<\/div>\n<div class=\"row\">\n<div class=\"col-xs-12  col-sm-4\">\n       <span class=\"wpcf7-form-control-wrap your-name\"><input type=\"text\" name=\"your-name\" value=\"\" size=\"40\" class=\"wpcf7-form-control wpcf7-text wpcf7-validates-as-required\" aria-required=\"true\" aria-invalid=\"false\" placeholder=\"Nombre\" \/><\/span><br \/>\n       <span class=\"wpcf7-form-control-wrap your-email\"><input type=\"email\" name=\"your-email\" value=\"\" size=\"40\" class=\"wpcf7-form-control wpcf7-text wpcf7-email wpcf7-validates-as-required wpcf7-validates-as-email\" aria-required=\"true\" aria-invalid=\"false\" placeholder=\"E-mail\" \/><\/span><br \/>\n       <span class=\"wpcf7-form-control-wrap your-subject\"><input type=\"text\" name=\"your-subject\" value=\"\" size=\"40\" class=\"wpcf7-form-control wpcf7-text\" aria-invalid=\"false\" placeholder=\"Asunto\" \/><\/span>\n    <\/div>\n<div class=\"col-xs-12  col-sm-8\">\n      <span class=\"wpcf7-form-control-wrap your-message\"><textarea name=\"your-message\" cols=\"40\" rows=\"10\" class=\"wpcf7-form-control wpcf7-textarea\" aria-invalid=\"false\" placeholder=\"Mensaje\"><\/textarea><\/span><\/p>\n<p><span class=\"wpcf7-form-control-wrap acepta-rgpd\"><span class=\"wpcf7-form-control wpcf7-acceptance\"><span class=\"wpcf7-list-item\"><label><input type=\"checkbox\" name=\"acepta-rgpd\" value=\"1\" aria-invalid=\"false\" \/><span class=\"wpcf7-list-item-label\">Acepto la <a class=\"link-form\" href=\"https:\/\/jospec.com\/es\/politica-de-privacidad-y-cookies\/\">Pol\u00edtica de Privacidad<\/a> de jospec.com, dando mi consentimiento para que JOSPEC. recopile los datos de este formulario para que puedan enviarme la informaci\u00f3n solicitada.<\/span><\/label><\/span><\/span><\/span><\/p>\n<p><span class=\"wpcf7-form-control-wrap checkbox-publicidad\"><span class=\"wpcf7-form-control wpcf7-checkbox\"><span class=\"wpcf7-list-item first last\"><input type=\"checkbox\" name=\"checkbox-publicidad[]\" value=\"Acepto recibir correos electr\u00f3nicos con ofertas, promociones y novedades de los productos de JOSPEC\" \/><span class=\"wpcf7-list-item-label\">Acepto recibir correos electr\u00f3nicos con ofertas, promociones y novedades de los productos de JOSPEC<\/span><\/span><\/span><\/span><\/p><\/div>\n<p>      <input type=\"submit\" value=\"ENVIAR\" class=\"wpcf7-form-control has-spinner wpcf7-submit btn btn-primary\" \/>\n    <\/p><\/div>\n<\/div>\n<p style=\"display: none !important;\"><label>&#916;<textarea name=\"_wpcf7_ak_hp_textarea\" cols=\"45\" rows=\"8\" maxlength=\"100\"><\/textarea><\/label><input type=\"hidden\" id=\"ak_js_1\" name=\"_wpcf7_ak_js\" value=\"75\"\/><script>document.getElementById( \"ak_js_1\" ).setAttribute( \"value\", ( new Date() ).getTime() );<\/script><\/p><div class=\"wpcf7-response-output\" aria-hidden=\"true\"><\/div><\/form><\/div>\n<\/div>\n\t\t<\/div><\/div><\/div><\/div>","protected":false},"excerpt":{"rendered":"<p>Cont\u00e1ctanos Instal\u00b7lacions Jospec Av. Catalunya, 159 43896 l&#8217;Aldea 977 279 275 678 757 639 info@jospec.com Persona de Contacto: \u00c0ngels Horario Comercial Lunes a Viernes de 10h a 14h Tardes y s\u00e1bados: Visitas Concertadas Acepto la Pol\u00edtica de Privacidad de jospec.com, dando mi consentimiento para que JOSPEC. recopile los datos de este formulario para que puedan &hellip;<\/p>\n","protected":false},"author":1,"featured_media":0,"parent":0,"menu_order":0,"comment_status":"closed","ping_status":"closed","template":"template-builder-page.php","meta":{"_mi_skip_tracking":false},"yoast_head":"<!-- This site is optimized with the Yoast SEO plugin v19.0 - https:\/\/yoast.com\/wordpress\/plugins\/seo\/ -->\n<title>Contacto - JOSPEC Instal\u00b7lacions<\/title>\n<meta name=\"robots\" content=\"index, follow, max-snippet:-1, max-image-preview:large, max-video-preview:-1\" \/>\n<link rel=\"canonical\" href=\"https:\/\/jospec.com\/es\/contacta\/\" \/>\n<meta property=\"og:locale\" content=\"es_ES\" \/>\n<meta property=\"og:type\" content=\"article\" \/>\n<meta property=\"og:title\" content=\"Contacto - JOSPEC Instal\u00b7lacions\" \/>\n<meta property=\"og:description\" content=\"Cont\u00e1ctanos Instal\u00b7lacions Jospec Av. Catalunya, 159 43896 l&#039;Aldea 977 279 275 678 757 639 info@jospec.com Persona de Contacto: \u00c0ngels Horario Comercial Lunes a Viernes de 10h a 14h Tardes y s\u00e1bados: Visitas Concertadas Acepto la Pol\u00edtica de Privacidad de jospec.com, dando mi consentimiento para que JOSPEC. recopile los datos de este formulario para que puedan &hellip;\" \/>\n<meta property=\"og:url\" content=\"https:\/\/jospec.com\/es\/contacta\/\" \/>\n<meta property=\"og:site_name\" content=\"JOSPEC Instal\u00b7lacions\" \/>\n<meta property=\"article:modified_time\" content=\"2023-01-17T16:43:14+00:00\" \/>\n<meta name=\"twitter:card\" content=\"summary\" \/>\n<meta name=\"twitter:label1\" content=\"Tiempo de lectura\" \/>\n\t<meta name=\"twitter:data1\" content=\"1 minuto\" \/>\n<script type=\"application\/ld+json\" class=\"yoast-schema-graph\">{\"@context\":\"https:\/\/schema.org\",\"@graph\":[{\"@type\":\"Organization\",\"@id\":\"https:\/\/jospec.com\/#organization\",\"name\":\"Jospec Instal\u00b7lacions\",\"url\":\"https:\/\/jospec.com\/\",\"sameAs\":[],\"logo\":{\"@type\":\"ImageObject\",\"inLanguage\":\"es\",\"@id\":\"https:\/\/jospec.com\/#\/schema\/logo\/image\/\",\"url\":\"https:\/\/jospec.com\/wp-content\/uploads\/2016\/11\/logo_jospec.png\",\"contentUrl\":\"https:\/\/jospec.com\/wp-content\/uploads\/2016\/11\/logo_jospec.png\",\"width\":1042,\"height\":1130,\"caption\":\"Jospec Instal\u00b7lacions\"},\"image\":{\"@id\":\"https:\/\/jospec.com\/#\/schema\/logo\/image\/\"}},{\"@type\":\"WebSite\",\"@id\":\"https:\/\/jospec.com\/#website\",\"url\":\"https:\/\/jospec.com\/\",\"name\":\"JOSPEC Instal\u00b7lacions\",\"description\":\"Altre lloc gestionat amb el WordPress\",\"publisher\":{\"@id\":\"https:\/\/jospec.com\/#organization\"},\"potentialAction\":[{\"@type\":\"SearchAction\",\"target\":{\"@type\":\"EntryPoint\",\"urlTemplate\":\"https:\/\/jospec.com\/?s={search_term_string}\"},\"query-input\":\"required name=search_term_string\"}],\"inLanguage\":\"es\"},{\"@type\":\"WebPage\",\"@id\":\"https:\/\/jospec.com\/es\/contacta\/#webpage\",\"url\":\"https:\/\/jospec.com\/es\/contacta\/\",\"name\":\"Contacto - JOSPEC Instal\u00b7lacions\",\"isPartOf\":{\"@id\":\"https:\/\/jospec.com\/#website\"},\"datePublished\":\"2014-10-20T12:48:29+00:00\",\"dateModified\":\"2023-01-17T16:43:14+00:00\",\"breadcrumb\":{\"@id\":\"https:\/\/jospec.com\/es\/contacta\/#breadcrumb\"},\"inLanguage\":\"es\",\"potentialAction\":[{\"@type\":\"ReadAction\",\"target\":[\"https:\/\/jospec.com\/es\/contacta\/\"]}]},{\"@type\":\"BreadcrumbList\",\"@id\":\"https:\/\/jospec.com\/es\/contacta\/#breadcrumb\",\"itemListElement\":[{\"@type\":\"ListItem\",\"position\":1,\"name\":\"Inici\",\"item\":\"https:\/\/jospec.com\/es\/\"},{\"@type\":\"ListItem\",\"position\":2,\"name\":\"Contacto\"}]}]}<\/script>\n<!-- \/ Yoast SEO plugin. -->","yoast_head_json":{"title":"Contacto - JOSPEC Instal\u00b7lacions","robots":{"index":"index","follow":"follow","max-snippet":"max-snippet:-1","max-image-preview":"max-image-preview:large","max-video-preview":"max-video-preview:-1"},"canonical":"https:\/\/jospec.com\/es\/contacta\/","og_locale":"es_ES","og_type":"article","og_title":"Contacto - JOSPEC Instal\u00b7lacions","og_description":"Cont\u00e1ctanos Instal\u00b7lacions Jospec Av. Catalunya, 159 43896 l'Aldea 977 279 275 678 757 639 info@jospec.com Persona de Contacto: \u00c0ngels Horario Comercial Lunes a Viernes de 10h a 14h Tardes y s\u00e1bados: Visitas Concertadas Acepto la Pol\u00edtica de Privacidad de jospec.com, dando mi consentimiento para que JOSPEC. recopile los datos de este formulario para que puedan &hellip;","og_url":"https:\/\/jospec.com\/es\/contacta\/","og_site_name":"JOSPEC Instal\u00b7lacions","article_modified_time":"2023-01-17T16:43:14+00:00","twitter_card":"summary","twitter_misc":{"Tiempo de lectura":"1 minuto"},"schema":{"@context":"https:\/\/schema.org","@graph":[{"@type":"Organization","@id":"https:\/\/jospec.com\/#organization","name":"Jospec Instal\u00b7lacions","url":"https:\/\/jospec.com\/","sameAs":[],"logo":{"@type":"ImageObject","inLanguage":"es","@id":"https:\/\/jospec.com\/#\/schema\/logo\/image\/","url":"https:\/\/jospec.com\/wp-content\/uploads\/2016\/11\/logo_jospec.png","contentUrl":"https:\/\/jospec.com\/wp-content\/uploads\/2016\/11\/logo_jospec.png","width":1042,"height":1130,"caption":"Jospec Instal\u00b7lacions"},"image":{"@id":"https:\/\/jospec.com\/#\/schema\/logo\/image\/"}},{"@type":"WebSite","@id":"https:\/\/jospec.com\/#website","url":"https:\/\/jospec.com\/","name":"JOSPEC Instal\u00b7lacions","description":"Altre lloc gestionat amb el WordPress","publisher":{"@id":"https:\/\/jospec.com\/#organization"},"potentialAction":[{"@type":"SearchAction","target":{"@type":"EntryPoint","urlTemplate":"https:\/\/jospec.com\/?s={search_term_string}"},"query-input":"required name=search_term_string"}],"inLanguage":"es"},{"@type":"WebPage","@id":"https:\/\/jospec.com\/es\/contacta\/#webpage","url":"https:\/\/jospec.com\/es\/contacta\/","name":"Contacto - JOSPEC Instal\u00b7lacions","isPartOf":{"@id":"https:\/\/jospec.com\/#website"},"datePublished":"2014-10-20T12:48:29+00:00","dateModified":"2023-01-17T16:43:14+00:00","breadcrumb":{"@id":"https:\/\/jospec.com\/es\/contacta\/#breadcrumb"},"inLanguage":"es","potentialAction":[{"@type":"ReadAction","target":["https:\/\/jospec.com\/es\/contacta\/"]}]},{"@type":"BreadcrumbList","@id":"https:\/\/jospec.com\/es\/contacta\/#breadcrumb","itemListElement":[{"@type":"ListItem","position":1,"name":"Inici","item":"https:\/\/jospec.com\/es\/"},{"@type":"ListItem","position":2,"name":"Contacto"}]}]}},"_links":{"self":[{"href":"https:\/\/jospec.com\/es\/wp-json\/wp\/v2\/pages\/2990"}],"collection":[{"href":"https:\/\/jospec.com\/es\/wp-json\/wp\/v2\/pages"}],"about":[{"href":"https:\/\/jospec.com\/es\/wp-json\/wp\/v2\/types\/page"}],"author":[{"embeddable":true,"href":"https:\/\/jospec.com\/es\/wp-json\/wp\/v2\/users\/1"}],"replies":[{"embeddable":true,"href":"https:\/\/jospec.com\/es\/wp-json\/wp\/v2\/comments?post=2990"}],"version-history":[{"count":0,"href":"https:\/\/jospec.com\/es\/wp-json\/wp\/v2\/pages\/2990\/revisions"}],"wp:attachment":[{"href":"https:\/\/jospec.com\/es\/wp-json\/wp\/v2\/media?parent=2990"}],"curies":[{"name":"wp","href":"https:\/\/api.w.org\/{rel}","templated":true}]}}